{"id":134,"date":"2017-05-10T19:43:21","date_gmt":"2017-05-10T17:43:21","guid":{"rendered":"http:\/\/batibois38.com\/?page_id=134"},"modified":"2021-11-29T13:15:18","modified_gmt":"2021-11-29T12:15:18","slug":"construction-ossature-bois","status":"publish","type":"page","link":"https:\/\/batibois38.com\/index.php\/construction-ossature-bois\/","title":{"rendered":"Construction ossature bois"},"content":{"rendered":"<p><img loading=\"lazy\" class=\"alignnone  wp-image-217\" src=\"https:\/\/batibois38.com\/wp-content\/uploads\/2017\/05\/20151228_100558-300x169.jpg\" alt=\"\" width=\"491\" height=\"277\" srcset=\"https:\/\/batibois38.com\/wp-content\/uploads\/2017\/05\/20151228_100558-300x169.jpg 300w, https:\/\/batibois38.com\/wp-content\/uploads\/2017\/05\/20151228_100558-768x432.jpg 768w, https:\/\/batibois38.com\/wp-content\/uploads\/2017\/05\/20151228_100558-1024x576.jpg 1024w, https:\/\/batibois38.com\/wp-content\/uploads\/2017\/05\/20151228_100558-830x467.jpg 830w, https:\/\/batibois38.com\/wp-content\/uploads\/2017\/05\/20151228_100558-230x129.jpg 230w, https:\/\/batibois38.com\/wp-content\/uploads\/2017\/05\/20151228_100558-350x197.jpg 350w, https:\/\/batibois38.com\/wp-content\/uploads\/2017\/05\/20151228_100558-480x270.jpg 480w\" sizes=\"(max-width: 491px) 100vw, 491px\" \/><\/p>\n<p><b><\/b><span style=\"font-family: Calibri, sans-serif; color: #3366ff;\"><b>R\u00e9alisations<\/b><\/span><\/p>\n<ul>\n<li>\n<p align=\"JUSTIFY\"><span style=\"font-family: Calibri, sans-serif; color: #3366ff;\">habitations, agrandissement<\/span><\/p>\n<\/li>\n<li>\n<p align=\"JUSTIFY\"><span style=\"font-family: Calibri, sans-serif; color: #3366ff;\">b\u00e2timents agricoles (hangars, silos \u00e0 granul\u00e9s, s\u00e9choir \u00e0 foin)<\/span><\/p>\n<\/li>\n<\/ul>\n<p align=\"JUSTIFY\"><span style=\"font-family: Calibri, sans-serif; color: #3366ff;\"><b>Mat\u00e9riaux<\/b><\/span><\/p>\n<p align=\"JUSTIFY\"><span style=\"font-family: Calibri, sans-serif; color: #3366ff;\">en Douglas, r\u00e9put\u00e9 pour ses qualit\u00e9s imputrescibles, et ainsi \u00e9viter un traitement chimique<\/span><\/p>\n<p align=\"JUSTIFY\"><span style=\"font-family: Calibri, sans-serif; color: #3366ff;\">ou tout autre essence en fonction des besoins relatifs \u00e0 chaque projet.<\/span><\/p>\n<p align=\"JUSTIFY\">\n<p align=\"JUSTIFY\"><img loading=\"lazy\" class=\"alignnone  wp-image-213\" src=\"https:\/\/batibois38.com\/wp-content\/uploads\/2017\/05\/P1100689-300x225.jpg\" alt=\"\" width=\"232\" height=\"174\" srcset=\"https:\/\/batibois38.com\/wp-content\/uploads\/2017\/05\/P1100689-300x225.jpg 300w, https:\/\/batibois38.com\/wp-content\/uploads\/2017\/05\/P1100689-768x576.jpg 768w, https:\/\/batibois38.com\/wp-content\/uploads\/2017\/05\/P1100689-1024x768.jpg 1024w, https:\/\/batibois38.com\/wp-content\/uploads\/2017\/05\/P1100689-830x623.jpg 830w, https:\/\/batibois38.com\/wp-content\/uploads\/2017\/05\/P1100689-230x173.jpg 230w, https:\/\/batibois38.com\/wp-content\/uploads\/2017\/05\/P1100689-350x263.jpg 350w, https:\/\/batibois38.com\/wp-content\/uploads\/2017\/05\/P1100689-480x360.jpg 480w\" sizes=\"(max-width: 232px) 100vw, 232px\" \/>&nbsp; &nbsp; &nbsp;&nbsp;<img loading=\"lazy\" class=\"alignnone  wp-image-218\" src=\"https:\/\/batibois38.com\/wp-content\/uploads\/2017\/05\/cuchet-ossature-300x224.jpg\" alt=\"\" width=\"233\" height=\"174\" srcset=\"https:\/\/batibois38.com\/wp-content\/uploads\/2017\/05\/cuchet-ossature-300x224.jpg 300w, https:\/\/batibois38.com\/wp-content\/uploads\/2017\/05\/cuchet-ossature-768x575.jpg 768w, https:\/\/batibois38.com\/wp-content\/uploads\/2017\/05\/cuchet-ossature-1024x766.jpg 1024w, https:\/\/batibois38.com\/wp-content\/uploads\/2017\/05\/cuchet-ossature-830x621.jpg 830w, https:\/\/batibois38.com\/wp-content\/uploads\/2017\/05\/cuchet-ossature-230x172.jpg 230w, https:\/\/batibois38.com\/wp-content\/uploads\/2017\/05\/cuchet-ossature-350x262.jpg 350w, https:\/\/batibois38.com\/wp-content\/uploads\/2017\/05\/cuchet-ossature-480x359.jpg 480w, https:\/\/batibois38.com\/wp-content\/uploads\/2017\/05\/cuchet-ossature.jpg 1728w\" sizes=\"(max-width: 233px) 100vw, 233px\" \/><\/p>\n<p align=\"JUSTIFY\">\n","protected":false},"excerpt":{"rendered":"<p>R\u00e9alisations habitations, agrandissement b\u00e2timents agricoles (hangars, silos \u00e0 granul\u00e9s, s\u00e9choir \u00e0 foin) [&hellip;]<\/p>\n","protected":false},"author":1,"featured_media":0,"parent":0,"menu_order":0,"comment_status":"closed","ping_status":"closed","template":"","meta":[],"yoast_head":"<!-- This site is optimized with the Yoast SEO plugin v17.6 - https:\/\/yoast.com\/wordpress\/plugins\/seo\/ -->\n<title>Construction ossature bois - Batibois Charpente et Trieves<\/title>\n<meta name=\"robots\" content=\"index, follow, max-snippet:-1, max-image-preview:large, max-video-preview:-1\" \/>\n<link rel=\"canonical\" href=\"https:\/\/batibois38.com\/index.php\/construction-ossature-bois\/\" \/>\n<meta property=\"og:locale\" content=\"fr_FR\" \/>\n<meta property=\"og:type\" content=\"article\" \/>\n<meta property=\"og:title\" content=\"Construction ossature bois - Batibois Charpente et Trieves\" \/>\n<meta property=\"og:description\" content=\"R\u00e9alisations habitations, agrandissement b\u00e2timents agricoles (hangars, silos \u00e0 granul\u00e9s, s\u00e9choir \u00e0 foin) [&hellip;]\" \/>\n<meta property=\"og:url\" content=\"https:\/\/batibois38.com\/index.php\/construction-ossature-bois\/\" \/>\n<meta property=\"og:site_name\" content=\"Batibois Charpente et Trieves\" \/>\n<meta property=\"article:modified_time\" content=\"2021-11-29T12:15:18+00:00\" \/>\n<meta property=\"og:image\" content=\"https:\/\/batibois38.com\/wp-content\/uploads\/2017\/05\/20151228_100558-300x169.jpg\" \/>\n<meta name=\"twitter:card\" content=\"summary\" \/>\n<meta name=\"twitter:label1\" content=\"Dur\u00e9e de lecture estim\u00e9e\" \/>\n\t<meta name=\"twitter:data1\" content=\"1 minute\" \/>\n<script type=\"application\/ld+json\" class=\"yoast-schema-graph\">{\"@context\":\"https:\/\/schema.org\",\"@graph\":[{\"@type\":\"Organization\",\"@id\":\"https:\/\/batibois38.com\/#organization\",\"name\":\"BATIBOIS\",\"url\":\"https:\/\/batibois38.com\/\",\"sameAs\":[],\"logo\":{\"@type\":\"ImageObject\",\"@id\":\"https:\/\/batibois38.com\/#logo\",\"inLanguage\":\"fr-FR\",\"url\":\"http:\/\/batibois38.com\/wp-content\/uploads\/2017\/05\/cropped-logo-BATIBOIS-jpeg.jpg\",\"contentUrl\":\"http:\/\/batibois38.com\/wp-content\/uploads\/2017\/05\/cropped-logo-BATIBOIS-jpeg.jpg\",\"width\":366,\"height\":250,\"caption\":\"BATIBOIS\"},\"image\":{\"@id\":\"https:\/\/batibois38.com\/#logo\"}},{\"@type\":\"WebSite\",\"@id\":\"https:\/\/batibois38.com\/#website\",\"url\":\"https:\/\/batibois38.com\/\",\"name\":\"Batibois Charpente et Trieves\",\"description\":\"CHARPENTE    R\\u00c9NOVATION    OSSATURE BOIS    EN  TRIEVES\",\"publisher\":{\"@id\":\"https:\/\/batibois38.com\/#organization\"},\"potentialAction\":[{\"@type\":\"SearchAction\",\"target\":{\"@type\":\"EntryPoint\",\"urlTemplate\":\"https:\/\/batibois38.com\/?s={search_term_string}\"},\"query-input\":\"required name=search_term_string\"}],\"inLanguage\":\"fr-FR\"},{\"@type\":\"ImageObject\",\"@id\":\"https:\/\/batibois38.com\/index.php\/construction-ossature-bois\/#primaryimage\",\"inLanguage\":\"fr-FR\",\"url\":\"https:\/\/batibois38.com\/wp-content\/uploads\/2017\/05\/20151228_100558.jpg\",\"contentUrl\":\"https:\/\/batibois38.com\/wp-content\/uploads\/2017\/05\/20151228_100558.jpg\",\"width\":3264,\"height\":1836},{\"@type\":\"WebPage\",\"@id\":\"https:\/\/batibois38.com\/index.php\/construction-ossature-bois\/#webpage\",\"url\":\"https:\/\/batibois38.com\/index.php\/construction-ossature-bois\/\",\"name\":\"Construction ossature bois - Batibois Charpente et Trieves\",\"isPartOf\":{\"@id\":\"https:\/\/batibois38.com\/#website\"},\"primaryImageOfPage\":{\"@id\":\"https:\/\/batibois38.com\/index.php\/construction-ossature-bois\/#primaryimage\"},\"datePublished\":\"2017-05-10T17:43:21+00:00\",\"dateModified\":\"2021-11-29T12:15:18+00:00\",\"breadcrumb\":{\"@id\":\"https:\/\/batibois38.com\/index.php\/construction-ossature-bois\/#breadcrumb\"},\"inLanguage\":\"fr-FR\",\"potentialAction\":[{\"@type\":\"ReadAction\",\"target\":[\"https:\/\/batibois38.com\/index.php\/construction-ossature-bois\/\"]}]},{\"@type\":\"BreadcrumbList\",\"@id\":\"https:\/\/batibois38.com\/index.php\/construction-ossature-bois\/#breadcrumb\",\"itemListElement\":[{\"@type\":\"ListItem\",\"position\":1,\"name\":\"Accueil\",\"item\":\"https:\/\/batibois38.com\/\"},{\"@type\":\"ListItem\",\"position\":2,\"name\":\"Construction ossature bois\"}]}]}<\/script>\n<!-- \/ Yoast SEO plugin. -->","yoast_head_json":{"title":"Construction ossature bois - Batibois Charpente et Trieves","robots":{"index":"index","follow":"follow","max-snippet":"max-snippet:-1","max-image-preview":"max-image-preview:large","max-video-preview":"max-video-preview:-1"},"canonical":"https:\/\/batibois38.com\/index.php\/construction-ossature-bois\/","og_locale":"fr_FR","og_type":"article","og_title":"Construction ossature bois - Batibois Charpente et Trieves","og_description":"R\u00e9alisations habitations, agrandissement b\u00e2timents agricoles (hangars, silos \u00e0 granul\u00e9s, s\u00e9choir \u00e0 foin) [&hellip;]","og_url":"https:\/\/batibois38.com\/index.php\/construction-ossature-bois\/","og_site_name":"Batibois Charpente et Trieves","article_modified_time":"2021-11-29T12:15:18+00:00","og_image":[{"url":"https:\/\/batibois38.com\/wp-content\/uploads\/2017\/05\/20151228_100558-300x169.jpg"}],"twitter_card":"summary","twitter_misc":{"Dur\u00e9e de lecture estim\u00e9e":"1 minute"},"schema":{"@context":"https:\/\/schema.org","@graph":[{"@type":"Organization","@id":"https:\/\/batibois38.com\/#organization","name":"BATIBOIS","url":"https:\/\/batibois38.com\/","sameAs":[],"logo":{"@type":"ImageObject","@id":"https:\/\/batibois38.com\/#logo","inLanguage":"fr-FR","url":"http:\/\/batibois38.com\/wp-content\/uploads\/2017\/05\/cropped-logo-BATIBOIS-jpeg.jpg","contentUrl":"http:\/\/batibois38.com\/wp-content\/uploads\/2017\/05\/cropped-logo-BATIBOIS-jpeg.jpg","width":366,"height":250,"caption":"BATIBOIS"},"image":{"@id":"https:\/\/batibois38.com\/#logo"}},{"@type":"WebSite","@id":"https:\/\/batibois38.com\/#website","url":"https:\/\/batibois38.com\/","name":"Batibois Charpente et Trieves","description":"CHARPENTE    R\u00c9NOVATION    OSSATURE BOIS    EN  TRIEVES","publisher":{"@id":"https:\/\/batibois38.com\/#organization"},"potentialAction":[{"@type":"SearchAction","target":{"@type":"EntryPoint","urlTemplate":"https:\/\/batibois38.com\/?s={search_term_string}"},"query-input":"required name=search_term_string"}],"inLanguage":"fr-FR"},{"@type":"ImageObject","@id":"https:\/\/batibois38.com\/index.php\/construction-ossature-bois\/#primaryimage","inLanguage":"fr-FR","url":"https:\/\/batibois38.com\/wp-content\/uploads\/2017\/05\/20151228_100558.jpg","contentUrl":"https:\/\/batibois38.com\/wp-content\/uploads\/2017\/05\/20151228_100558.jpg","width":3264,"height":1836},{"@type":"WebPage","@id":"https:\/\/batibois38.com\/index.php\/construction-ossature-bois\/#webpage","url":"https:\/\/batibois38.com\/index.php\/construction-ossature-bois\/","name":"Construction ossature bois - Batibois Charpente et Trieves","isPartOf":{"@id":"https:\/\/batibois38.com\/#website"},"primaryImageOfPage":{"@id":"https:\/\/batibois38.com\/index.php\/construction-ossature-bois\/#primaryimage"},"datePublished":"2017-05-10T17:43:21+00:00","dateModified":"2021-11-29T12:15:18+00:00","breadcrumb":{"@id":"https:\/\/batibois38.com\/index.php\/construction-ossature-bois\/#breadcrumb"},"inLanguage":"fr-FR","potentialAction":[{"@type":"ReadAction","target":["https:\/\/batibois38.com\/index.php\/construction-ossature-bois\/"]}]},{"@type":"BreadcrumbList","@id":"https:\/\/batibois38.com\/index.php\/construction-ossature-bois\/#breadcrumb","itemListElement":[{"@type":"ListItem","position":1,"name":"Accueil","item":"https:\/\/batibois38.com\/"},{"@type":"ListItem","position":2,"name":"Construction ossature bois"}]}]}},"_links":{"self":[{"href":"https:\/\/batibois38.com\/index.php\/wp-json\/wp\/v2\/pages\/134"}],"collection":[{"href":"https:\/\/batibois38.com\/index.php\/wp-json\/wp\/v2\/pages"}],"about":[{"href":"https:\/\/batibois38.com\/index.php\/wp-json\/wp\/v2\/types\/page"}],"author":[{"embeddable":true,"href":"https:\/\/batibois38.com\/index.php\/wp-json\/wp\/v2\/users\/1"}],"replies":[{"embeddable":true,"href":"https:\/\/batibois38.com\/index.php\/wp-json\/wp\/v2\/comments?post=134"}],"version-history":[{"count":8,"href":"https:\/\/batibois38.com\/index.php\/wp-json\/wp\/v2\/pages\/134\/revisions"}],"predecessor-version":[{"id":236,"href":"https:\/\/batibois38.com\/index.php\/wp-json\/wp\/v2\/pages\/134\/revisions\/236"}],"wp:attachment":[{"href":"https:\/\/batibois38.com\/index.php\/wp-json\/wp\/v2\/media?parent=134"}],"curies":[{"name":"wp","href":"https:\/\/api.w.org\/{rel}","templated":true}]}}