{"id":4,"date":"2017-05-09T19:28:03","date_gmt":"2017-05-09T17:28:03","guid":{"rendered":"http:\/\/batibois38.com\/?page_id=4"},"modified":"2021-11-29T13:13:02","modified_gmt":"2021-11-29T12:13:02","slug":"accueil","status":"publish","type":"page","link":"https:\/\/batibois38.com\/","title":{"rendered":"Accueil"},"content":{"rendered":"<p style=\"text-align: center;\"><strong><span style=\"font-family: Calibri, sans-serif; font-size: x-large;\">CHARPENTE R\u00c9NOVATION&nbsp;OSSATURE BOIS EN TRIEVES<\/span><\/strong><\/p>\n<p style=\"text-align: center;\"><span style=\"color: #0084d1;\"><span style=\"font-family: Calibri, sans-serif;\"><span style=\"font-size: medium;\">L&rsquo;entreprise BATIBOIS s&rsquo;est d\u00e9velopp\u00e9e aux portes du Tri\u00e8ves depuis 2008.<\/span><\/span><\/span><\/p>\n<p style=\"text-align: center;\"><span style=\"color: #0084d1;\"><span style=\"font-family: Calibri, sans-serif;\"><span style=\"font-size: medium;\">Elle propose ainsi ses services dans tout le bassin tri\u00e8vois,&nbsp;<\/span><\/span><\/span><span style=\"color: #0084d1;\"><span style=\"font-family: Calibri, sans-serif;\"><span style=\"font-size: medium;\">les contreforts du Vercors et le bassin grenoblois.<\/span><\/span><\/span><\/p>\n<p style=\"text-align: center;\"><span style=\"color: #0084d1;\"><span style=\"font-family: Calibri, sans-serif;\"><span style=\"font-size: medium;\">Mathieu BIGALLET s&rsquo;est tr\u00e8s vite sp\u00e9cialis\u00e9&nbsp;<\/span><\/span><\/span><span style=\"color: #0084d1;\"><span style=\"font-family: Calibri, sans-serif;\"><span style=\"font-size: medium;\">dans les projets \u00e0 dominante \u00e9cologique,&nbsp;<\/span><\/span><\/span><span style=\"color: #0084d1;\"><span style=\"font-family: Calibri, sans-serif;\"><span style=\"font-size: medium;\">en alliant respect des normes<\/span><\/span><\/span><\/p>\n<p style=\"text-align: center;\"><span style=\"color: #0084d1;\"><span style=\"font-family: Calibri, sans-serif;\"><span style=\"font-size: medium;\">de la <a href=\"https:\/\/batibois38.com\/index.php\/isolation\/\">RT 2012&nbsp;<\/a><\/span><\/span><\/span><span style=\"color: #0084d1;\"><span style=\"font-family: Calibri, sans-serif;\"><span style=\"font-size: medium;\">et mat\u00e9riaux respectueux de l&rsquo;environnement.<\/span><\/span><\/span><\/p>\n<p align=\"CENTER\"><span style=\"color: #0084d1;\"><span style=\"font-family: Calibri, sans-serif;\"><span style=\"font-size: medium;\">Votre projet pourra \u00eatre r\u00e9alis\u00e9 \u00e0 partir de plans d&rsquo;architectes,&nbsp;<\/span><\/span><\/span><span style=\"color: #0084d1;\"><span style=\"font-family: Calibri, sans-serif;\"><span style=\"font-size: medium;\">mais \u00e9galement \u00eatre \u00e9labor\u00e9 conjointement.<\/span><\/span><\/span><\/p>\n<p align=\"CENTER\"><span style=\"color: #0084d1;\"><span style=\"font-family: Calibri, sans-serif;\"><span style=\"font-size: medium;\">Nous prendrons ainsi&nbsp;soin de faire coexister vos souhaits et les contraintes techniques,&nbsp;<\/span><\/span><\/span><\/p>\n<p align=\"CENTER\"><span style=\"color: #0084d1;\"><span style=\"font-family: Calibri, sans-serif;\"><span style=\"font-size: medium;\">forts de notre \u00e9coute et de notre exp\u00e9rience.<\/span><\/span><\/span><\/p>\n<p align=\"CENTER\"><img loading=\"lazy\" class=\"alignnone wp-image-56\" src=\"https:\/\/batibois38.com\/wp-content\/uploads\/2017\/05\/cropped-logo-BATIBOIS-jpeg-300x205.jpg\" alt=\"charpente trieves isere couvertue ossature bois grenoble zinquerie\" width=\"160\" height=\"126\"><\/p>\n","protected":false},"excerpt":{"rendered":"<p>CHARPENTE R\u00c9NOVATION&nbsp;OSSATURE BOIS EN TRIEVES L&rsquo;entreprise BATIBOIS s&rsquo;est d\u00e9velopp\u00e9e aux portes du [&hellip;]<\/p>\n","protected":false},"author":1,"featured_media":0,"parent":0,"menu_order":0,"comment_status":"closed","ping_status":"closed","template":"","meta":[],"yoast_head":"<!-- This site is optimized with the Yoast SEO plugin v17.6 - https:\/\/yoast.com\/wordpress\/plugins\/seo\/ -->\n<title>Charpente, ossature-bois, isolation dans le trieves en isere artisant batibois<\/title>\n<meta name=\"description\" content=\"Batibois l&#039;entreprise qui r\u00e9nove et isole, charpente et ossatures bois dans le Trieves et le sud isere, autour de grenoble.Artisant charpentier qualifi\u00e9\" \/>\n<meta name=\"robots\" content=\"index, follow, max-snippet:-1, max-image-preview:large, max-video-preview:-1\" \/>\n<link rel=\"canonical\" href=\"https:\/\/batibois38.com\/\" \/>\n<meta property=\"og:locale\" content=\"fr_FR\" \/>\n<meta property=\"og:type\" content=\"article\" \/>\n<meta property=\"og:title\" content=\"Charpente, ossature-bois, isolation dans le trieves en isere artisant batibois\" \/>\n<meta property=\"og:description\" content=\"Batibois l&#039;entreprise qui r\u00e9nove et isole, charpente et ossatures bois dans le Trieves et le sud isere, autour de grenoble.Artisant charpentier qualifi\u00e9\" \/>\n<meta property=\"og:url\" content=\"https:\/\/batibois38.com\/\" \/>\n<meta property=\"og:site_name\" content=\"Batibois Charpente et Trieves\" \/>\n<meta property=\"article:modified_time\" content=\"2021-11-29T12:13:02+00:00\" \/>\n<meta property=\"og:image\" content=\"https:\/\/batibois38.com\/wp-content\/uploads\/2017\/05\/cropped-logo-BATIBOIS-jpeg-300x205.jpg\" \/>\n<meta name=\"twitter:card\" content=\"summary\" \/>\n<meta name=\"twitter:label1\" content=\"Dur\u00e9e de lecture estim\u00e9e\" \/>\n\t<meta name=\"twitter:data1\" content=\"1 minute\" \/>\n<script type=\"application\/ld+json\" class=\"yoast-schema-graph\">{\"@context\":\"https:\/\/schema.org\",\"@graph\":[{\"@type\":\"Organization\",\"@id\":\"https:\/\/batibois38.com\/#organization\",\"name\":\"BATIBOIS\",\"url\":\"https:\/\/batibois38.com\/\",\"sameAs\":[],\"logo\":{\"@type\":\"ImageObject\",\"@id\":\"https:\/\/batibois38.com\/#logo\",\"inLanguage\":\"fr-FR\",\"url\":\"http:\/\/batibois38.com\/wp-content\/uploads\/2017\/05\/cropped-logo-BATIBOIS-jpeg.jpg\",\"contentUrl\":\"http:\/\/batibois38.com\/wp-content\/uploads\/2017\/05\/cropped-logo-BATIBOIS-jpeg.jpg\",\"width\":366,\"height\":250,\"caption\":\"BATIBOIS\"},\"image\":{\"@id\":\"https:\/\/batibois38.com\/#logo\"}},{\"@type\":\"WebSite\",\"@id\":\"https:\/\/batibois38.com\/#website\",\"url\":\"https:\/\/batibois38.com\/\",\"name\":\"Batibois Charpente et Trieves\",\"description\":\"CHARPENTE    R\\u00c9NOVATION    OSSATURE BOIS    EN  TRIEVES\",\"publisher\":{\"@id\":\"https:\/\/batibois38.com\/#organization\"},\"potentialAction\":[{\"@type\":\"SearchAction\",\"target\":{\"@type\":\"EntryPoint\",\"urlTemplate\":\"https:\/\/batibois38.com\/?s={search_term_string}\"},\"query-input\":\"required name=search_term_string\"}],\"inLanguage\":\"fr-FR\"},{\"@type\":\"ImageObject\",\"@id\":\"https:\/\/batibois38.com\/#primaryimage\",\"inLanguage\":\"fr-FR\",\"url\":\"https:\/\/batibois38.com\/wp-content\/uploads\/2017\/05\/cropped-logo-BATIBOIS-jpeg.jpg\",\"contentUrl\":\"https:\/\/batibois38.com\/wp-content\/uploads\/2017\/05\/cropped-logo-BATIBOIS-jpeg.jpg\",\"width\":366,\"height\":250},{\"@type\":\"WebPage\",\"@id\":\"https:\/\/batibois38.com\/#webpage\",\"url\":\"https:\/\/batibois38.com\/\",\"name\":\"Charpente, ossature-bois, isolation dans le trieves en isere artisant batibois\",\"isPartOf\":{\"@id\":\"https:\/\/batibois38.com\/#website\"},\"primaryImageOfPage\":{\"@id\":\"https:\/\/batibois38.com\/#primaryimage\"},\"datePublished\":\"2017-05-09T17:28:03+00:00\",\"dateModified\":\"2021-11-29T12:13:02+00:00\",\"description\":\"Batibois l'entreprise qui r\\u00e9nove et isole, charpente et ossatures bois dans le Trieves et le sud isere, autour de grenoble.Artisant charpentier qualifi\\u00e9\",\"breadcrumb\":{\"@id\":\"https:\/\/batibois38.com\/#breadcrumb\"},\"inLanguage\":\"fr-FR\",\"potentialAction\":[{\"@type\":\"ReadAction\",\"target\":[\"https:\/\/batibois38.com\/\"]}]},{\"@type\":\"BreadcrumbList\",\"@id\":\"https:\/\/batibois38.com\/#breadcrumb\",\"itemListElement\":[{\"@type\":\"ListItem\",\"position\":1,\"name\":\"Accueil\",\"item\":\"https:\/\/batibois38.com\/\"},{\"@type\":\"ListItem\",\"position\":2,\"name\":\"Accueil\"}]}]}<\/script>\n<!-- \/ Yoast SEO plugin. -->","yoast_head_json":{"title":"Charpente, ossature-bois, isolation dans le trieves en isere artisant batibois","description":"Batibois l'entreprise qui r\u00e9nove et isole, charpente et ossatures bois dans le Trieves et le sud isere, autour de grenoble.Artisant charpentier qualifi\u00e9","robots":{"index":"index","follow":"follow","max-snippet":"max-snippet:-1","max-image-preview":"max-image-preview:large","max-video-preview":"max-video-preview:-1"},"canonical":"https:\/\/batibois38.com\/","og_locale":"fr_FR","og_type":"article","og_title":"Charpente, ossature-bois, isolation dans le trieves en isere artisant batibois","og_description":"Batibois l'entreprise qui r\u00e9nove et isole, charpente et ossatures bois dans le Trieves et le sud isere, autour de grenoble.Artisant charpentier qualifi\u00e9","og_url":"https:\/\/batibois38.com\/","og_site_name":"Batibois Charpente et Trieves","article_modified_time":"2021-11-29T12:13:02+00:00","og_image":[{"url":"https:\/\/batibois38.com\/wp-content\/uploads\/2017\/05\/cropped-logo-BATIBOIS-jpeg-300x205.jpg"}],"twitter_card":"summary","twitter_misc":{"Dur\u00e9e de lecture estim\u00e9e":"1 minute"},"schema":{"@context":"https:\/\/schema.org","@graph":[{"@type":"Organization","@id":"https:\/\/batibois38.com\/#organization","name":"BATIBOIS","url":"https:\/\/batibois38.com\/","sameAs":[],"logo":{"@type":"ImageObject","@id":"https:\/\/batibois38.com\/#logo","inLanguage":"fr-FR","url":"http:\/\/batibois38.com\/wp-content\/uploads\/2017\/05\/cropped-logo-BATIBOIS-jpeg.jpg","contentUrl":"http:\/\/batibois38.com\/wp-content\/uploads\/2017\/05\/cropped-logo-BATIBOIS-jpeg.jpg","width":366,"height":250,"caption":"BATIBOIS"},"image":{"@id":"https:\/\/batibois38.com\/#logo"}},{"@type":"WebSite","@id":"https:\/\/batibois38.com\/#website","url":"https:\/\/batibois38.com\/","name":"Batibois Charpente et Trieves","description":"CHARPENTE    R\u00c9NOVATION    OSSATURE BOIS    EN  TRIEVES","publisher":{"@id":"https:\/\/batibois38.com\/#organization"},"potentialAction":[{"@type":"SearchAction","target":{"@type":"EntryPoint","urlTemplate":"https:\/\/batibois38.com\/?s={search_term_string}"},"query-input":"required name=search_term_string"}],"inLanguage":"fr-FR"},{"@type":"ImageObject","@id":"https:\/\/batibois38.com\/#primaryimage","inLanguage":"fr-FR","url":"https:\/\/batibois38.com\/wp-content\/uploads\/2017\/05\/cropped-logo-BATIBOIS-jpeg.jpg","contentUrl":"https:\/\/batibois38.com\/wp-content\/uploads\/2017\/05\/cropped-logo-BATIBOIS-jpeg.jpg","width":366,"height":250},{"@type":"WebPage","@id":"https:\/\/batibois38.com\/#webpage","url":"https:\/\/batibois38.com\/","name":"Charpente, ossature-bois, isolation dans le trieves en isere artisant batibois","isPartOf":{"@id":"https:\/\/batibois38.com\/#website"},"primaryImageOfPage":{"@id":"https:\/\/batibois38.com\/#primaryimage"},"datePublished":"2017-05-09T17:28:03+00:00","dateModified":"2021-11-29T12:13:02+00:00","description":"Batibois l'entreprise qui r\u00e9nove et isole, charpente et ossatures bois dans le Trieves et le sud isere, autour de grenoble.Artisant charpentier qualifi\u00e9","breadcrumb":{"@id":"https:\/\/batibois38.com\/#breadcrumb"},"inLanguage":"fr-FR","potentialAction":[{"@type":"ReadAction","target":["https:\/\/batibois38.com\/"]}]},{"@type":"BreadcrumbList","@id":"https:\/\/batibois38.com\/#breadcrumb","itemListElement":[{"@type":"ListItem","position":1,"name":"Accueil","item":"https:\/\/batibois38.com\/"},{"@type":"ListItem","position":2,"name":"Accueil"}]}]}},"_links":{"self":[{"href":"https:\/\/batibois38.com\/index.php\/wp-json\/wp\/v2\/pages\/4"}],"collection":[{"href":"https:\/\/batibois38.com\/index.php\/wp-json\/wp\/v2\/pages"}],"about":[{"href":"https:\/\/batibois38.com\/index.php\/wp-json\/wp\/v2\/types\/page"}],"author":[{"embeddable":true,"href":"https:\/\/batibois38.com\/index.php\/wp-json\/wp\/v2\/users\/1"}],"replies":[{"embeddable":true,"href":"https:\/\/batibois38.com\/index.php\/wp-json\/wp\/v2\/comments?post=4"}],"version-history":[{"count":23,"href":"https:\/\/batibois38.com\/index.php\/wp-json\/wp\/v2\/pages\/4\/revisions"}],"predecessor-version":[{"id":234,"href":"https:\/\/batibois38.com\/index.php\/wp-json\/wp\/v2\/pages\/4\/revisions\/234"}],"wp:attachment":[{"href":"https:\/\/batibois38.com\/index.php\/wp-json\/wp\/v2\/media?parent=4"}],"curies":[{"name":"wp","href":"https:\/\/api.w.org\/{rel}","templated":true}]}}