{"id":94,"date":"2017-05-10T19:27:52","date_gmt":"2017-05-10T17:27:52","guid":{"rendered":"http:\/\/batibois38.com\/?page_id=94"},"modified":"2021-11-29T13:14:35","modified_gmt":"2021-11-29T12:14:35","slug":"charpente-couverture","status":"publish","type":"page","link":"https:\/\/batibois38.com\/index.php\/charpente-couverture\/","title":{"rendered":"Charpente &#8211; Couverture"},"content":{"rendered":"<p><b><img loading=\"lazy\" class=\"alignnone wp-image-33 size-medium\" src=\"https:\/\/batibois38.com\/wp-content\/uploads\/2017\/05\/20150914_163752-300x225.jpg\" alt=\"charpente trieves grenoble isolation\" width=\"300\" height=\"225\" srcset=\"https:\/\/batibois38.com\/wp-content\/uploads\/2017\/05\/20150914_163752-300x225.jpg 300w, https:\/\/batibois38.com\/wp-content\/uploads\/2017\/05\/20150914_163752-768x576.jpg 768w, https:\/\/batibois38.com\/wp-content\/uploads\/2017\/05\/20150914_163752-1024x768.jpg 1024w\" sizes=\"(max-width: 300px) 100vw, 300px\" \/>&nbsp; &nbsp; &nbsp;<img loading=\"lazy\" class=\"alignnone wp-image-189 size-medium\" src=\"https:\/\/batibois38.com\/wp-content\/uploads\/2017\/05\/P1080726-300x225.jpg\" alt=\"charpente grenoble isolation trieves\" width=\"300\" height=\"225\" srcset=\"https:\/\/batibois38.com\/wp-content\/uploads\/2017\/05\/P1080726-300x225.jpg 300w, https:\/\/batibois38.com\/wp-content\/uploads\/2017\/05\/P1080726-768x576.jpg 768w, https:\/\/batibois38.com\/wp-content\/uploads\/2017\/05\/P1080726-1024x768.jpg 1024w, https:\/\/batibois38.com\/wp-content\/uploads\/2017\/05\/P1080726-830x623.jpg 830w, https:\/\/batibois38.com\/wp-content\/uploads\/2017\/05\/P1080726-230x173.jpg 230w, https:\/\/batibois38.com\/wp-content\/uploads\/2017\/05\/P1080726-350x263.jpg 350w, https:\/\/batibois38.com\/wp-content\/uploads\/2017\/05\/P1080726-480x360.jpg 480w\" sizes=\"(max-width: 300px) 100vw, 300px\" \/><br \/>\n<\/b><\/p>\n<p><span style=\"font-family: Calibri, sans-serif; color: #3366ff;\"><b>R\u00e9alisations<\/b><\/span><\/p>\n<ul>\n<li>\n<p align=\"JUSTIFY\"><span style=\"font-family: Calibri, sans-serif; color: #3366ff;\">charpentes traditionnelles 2 pans, \u00e0 croupes, lucarnes chiens assis, engrangeoux&#8230;<\/span><\/p>\n<\/li>\n<li>\n<p align=\"JUSTIFY\"><span style=\"font-family: Calibri, sans-serif; color: #3366ff;\">charpentes d&rsquo;aspects vieillis<\/span><\/p>\n<\/li>\n<\/ul>\n<ul>\n<li>\n<p align=\"JUSTIFY\"><span style=\"font-family: Calibri, sans-serif; color: #3366ff;\">toitures montagne (sp\u00e9cifique au del\u00e0 de 900 m d&rsquo;altitude)<\/span><\/p>\n<\/li>\n<li>\n<p align=\"JUSTIFY\"><span style=\"font-family: Calibri, sans-serif; color: #3366ff;\">Toitures v\u00e9g\u00e9talis\u00e9es<\/span><\/p>\n<\/li>\n<\/ul>\n<ul>\n<li>\n<p align=\"JUSTIFY\"><span style=\"font-family: Calibri, sans-serif; color: #3366ff;\">Pose de fen\u00eatres de toit<\/span><\/p>\n<\/li>\n<li>\n<p align=\"JUSTIFY\"><span style=\"font-family: Calibri, sans-serif; color: #3366ff;\">zinguerie<\/span><\/p>\n<\/li>\n<\/ul>\n<p align=\"JUSTIFY\"><img loading=\"lazy\" class=\"alignnone wp-image-204 size-medium\" src=\"https:\/\/batibois38.com\/wp-content\/uploads\/2017\/05\/P1120948-300x225.jpg\" alt=\"charpente grenoble isolation trieves couverture tuile ecaille\" width=\"300\" height=\"225\" srcset=\"https:\/\/batibois38.com\/wp-content\/uploads\/2017\/05\/P1120948-300x225.jpg 300w, https:\/\/batibois38.com\/wp-content\/uploads\/2017\/05\/P1120948-768x576.jpg 768w, https:\/\/batibois38.com\/wp-content\/uploads\/2017\/05\/P1120948-1024x768.jpg 1024w, https:\/\/batibois38.com\/wp-content\/uploads\/2017\/05\/P1120948-830x623.jpg 830w, https:\/\/batibois38.com\/wp-content\/uploads\/2017\/05\/P1120948-230x173.jpg 230w, https:\/\/batibois38.com\/wp-content\/uploads\/2017\/05\/P1120948-350x263.jpg 350w, https:\/\/batibois38.com\/wp-content\/uploads\/2017\/05\/P1120948-480x360.jpg 480w\" sizes=\"(max-width: 300px) 100vw, 300px\" \/>&nbsp; &nbsp; &nbsp;&nbsp;<img loading=\"lazy\" class=\"alignnone wp-image-185 size-medium\" src=\"https:\/\/batibois38.com\/wp-content\/uploads\/2017\/05\/au-four-st-andeol-ac-papa-19-07-12-1-300x225.jpg\" alt=\"charpente grenoble isolation trieves\" width=\"300\" height=\"225\" srcset=\"https:\/\/batibois38.com\/wp-content\/uploads\/2017\/05\/au-four-st-andeol-ac-papa-19-07-12-1-300x225.jpg 300w, https:\/\/batibois38.com\/wp-content\/uploads\/2017\/05\/au-four-st-andeol-ac-papa-19-07-12-1-768x576.jpg 768w, https:\/\/batibois38.com\/wp-content\/uploads\/2017\/05\/au-four-st-andeol-ac-papa-19-07-12-1-1024x768.jpg 1024w, https:\/\/batibois38.com\/wp-content\/uploads\/2017\/05\/au-four-st-andeol-ac-papa-19-07-12-1-830x623.jpg 830w, https:\/\/batibois38.com\/wp-content\/uploads\/2017\/05\/au-four-st-andeol-ac-papa-19-07-12-1-230x173.jpg 230w, https:\/\/batibois38.com\/wp-content\/uploads\/2017\/05\/au-four-st-andeol-ac-papa-19-07-12-1-350x263.jpg 350w, https:\/\/batibois38.com\/wp-content\/uploads\/2017\/05\/au-four-st-andeol-ac-papa-19-07-12-1-480x360.jpg 480w\" sizes=\"(max-width: 300px) 100vw, 300px\" \/><\/p>\n<p align=\"JUSTIFY\"><span style=\"font-family: Calibri, sans-serif; color: #3366ff;\"><b>Mat\u00e9riaux&nbsp;<\/b><\/span><\/p>\n<ul>\n<li>\n<p align=\"JUSTIFY\"><span style=\"font-family: Calibri, sans-serif; color: #3366ff;\">tuiles m\u00e9caniques<\/span><\/p>\n<\/li>\n<\/ul>\n<ul>\n<li>\n<p align=\"JUSTIFY\"><span style=\"font-family: Calibri, sans-serif; color: #3366ff;\">tuiles \u00e9cailles<\/span><\/p>\n<\/li>\n<li>\n<p align=\"JUSTIFY\"><span style=\"font-family: Calibri, sans-serif; color: #3366ff;\">bac acier<\/span><\/p>\n<\/li>\n<\/ul>\n<p align=\"JUSTIFY\">&nbsp;<img loading=\"lazy\" class=\"alignnone size-medium wp-image-23\" src=\"https:\/\/batibois38.com\/wp-content\/uploads\/2017\/05\/DSC00037-300x225.jpg\" alt=\"\" width=\"300\" height=\"225\" srcset=\"https:\/\/batibois38.com\/wp-content\/uploads\/2017\/05\/DSC00037-300x225.jpg 300w, https:\/\/batibois38.com\/wp-content\/uploads\/2017\/05\/DSC00037-768x576.jpg 768w, https:\/\/batibois38.com\/wp-content\/uploads\/2017\/05\/DSC00037.jpg 1024w\" sizes=\"(max-width: 300px) 100vw, 300px\" \/>&nbsp; &nbsp; &nbsp;&nbsp;<img loading=\"lazy\" class=\"alignnone size-medium wp-image-29\" src=\"https:\/\/batibois38.com\/wp-content\/uploads\/2017\/05\/DSC00040-300x225.jpg\" alt=\"\" width=\"300\" height=\"225\" srcset=\"https:\/\/batibois38.com\/wp-content\/uploads\/2017\/05\/DSC00040-300x225.jpg 300w, https:\/\/batibois38.com\/wp-content\/uploads\/2017\/05\/DSC00040-768x576.jpg 768w, https:\/\/batibois38.com\/wp-content\/uploads\/2017\/05\/DSC00040.jpg 1024w\" sizes=\"(max-width: 300px) 100vw, 300px\" \/><\/p>\n","protected":false},"excerpt":{"rendered":"<p>&nbsp; &nbsp; &nbsp; R\u00e9alisations charpentes traditionnelles 2 pans, \u00e0 croupes, lucarnes chiens [&hellip;]<\/p>\n","protected":false},"author":1,"featured_media":0,"parent":0,"menu_order":0,"comment_status":"closed","ping_status":"closed","template":"","meta":[],"yoast_head":"<!-- This site is optimized with the Yoast SEO plugin v17.6 - https:\/\/yoast.com\/wordpress\/plugins\/seo\/ -->\n<title>Charpente, ossature-bois, isolation dans le trieves en isere artisant batibois<\/title>\n<meta name=\"description\" content=\"charpente\" \/>\n<meta name=\"robots\" content=\"index, follow, max-snippet:-1, max-image-preview:large, max-video-preview:-1\" \/>\n<link rel=\"canonical\" href=\"https:\/\/batibois38.com\/index.php\/charpente-couverture\/\" \/>\n<meta property=\"og:locale\" content=\"fr_FR\" \/>\n<meta property=\"og:type\" content=\"article\" \/>\n<meta property=\"og:title\" content=\"Charpente, ossature-bois, isolation dans le trieves en isere artisant batibois\" \/>\n<meta property=\"og:description\" content=\"charpente\" \/>\n<meta property=\"og:url\" content=\"https:\/\/batibois38.com\/index.php\/charpente-couverture\/\" \/>\n<meta property=\"og:site_name\" content=\"Batibois Charpente et Trieves\" \/>\n<meta property=\"article:modified_time\" content=\"2021-11-29T12:14:35+00:00\" \/>\n<meta property=\"og:image\" content=\"https:\/\/batibois38.com\/wp-content\/uploads\/2017\/05\/20150914_163752-300x225.jpg\" \/>\n<meta name=\"twitter:card\" content=\"summary\" \/>\n<meta name=\"twitter:label1\" content=\"Dur\u00e9e de lecture estim\u00e9e\" \/>\n\t<meta name=\"twitter:data1\" content=\"2 minutes\" \/>\n<script type=\"application\/ld+json\" class=\"yoast-schema-graph\">{\"@context\":\"https:\/\/schema.org\",\"@graph\":[{\"@type\":\"Organization\",\"@id\":\"https:\/\/batibois38.com\/#organization\",\"name\":\"BATIBOIS\",\"url\":\"https:\/\/batibois38.com\/\",\"sameAs\":[],\"logo\":{\"@type\":\"ImageObject\",\"@id\":\"https:\/\/batibois38.com\/#logo\",\"inLanguage\":\"fr-FR\",\"url\":\"http:\/\/batibois38.com\/wp-content\/uploads\/2017\/05\/cropped-logo-BATIBOIS-jpeg.jpg\",\"contentUrl\":\"http:\/\/batibois38.com\/wp-content\/uploads\/2017\/05\/cropped-logo-BATIBOIS-jpeg.jpg\",\"width\":366,\"height\":250,\"caption\":\"BATIBOIS\"},\"image\":{\"@id\":\"https:\/\/batibois38.com\/#logo\"}},{\"@type\":\"WebSite\",\"@id\":\"https:\/\/batibois38.com\/#website\",\"url\":\"https:\/\/batibois38.com\/\",\"name\":\"Batibois Charpente et Trieves\",\"description\":\"CHARPENTE    R\\u00c9NOVATION    OSSATURE BOIS    EN  TRIEVES\",\"publisher\":{\"@id\":\"https:\/\/batibois38.com\/#organization\"},\"potentialAction\":[{\"@type\":\"SearchAction\",\"target\":{\"@type\":\"EntryPoint\",\"urlTemplate\":\"https:\/\/batibois38.com\/?s={search_term_string}\"},\"query-input\":\"required name=search_term_string\"}],\"inLanguage\":\"fr-FR\"},{\"@type\":\"ImageObject\",\"@id\":\"https:\/\/batibois38.com\/index.php\/charpente-couverture\/#primaryimage\",\"inLanguage\":\"fr-FR\",\"url\":\"https:\/\/batibois38.com\/wp-content\/uploads\/2017\/05\/20150914_163752.jpg\",\"contentUrl\":\"https:\/\/batibois38.com\/wp-content\/uploads\/2017\/05\/20150914_163752.jpg\",\"width\":2560,\"height\":1920},{\"@type\":\"WebPage\",\"@id\":\"https:\/\/batibois38.com\/index.php\/charpente-couverture\/#webpage\",\"url\":\"https:\/\/batibois38.com\/index.php\/charpente-couverture\/\",\"name\":\"Charpente, ossature-bois, isolation dans le trieves en isere artisant batibois\",\"isPartOf\":{\"@id\":\"https:\/\/batibois38.com\/#website\"},\"primaryImageOfPage\":{\"@id\":\"https:\/\/batibois38.com\/index.php\/charpente-couverture\/#primaryimage\"},\"datePublished\":\"2017-05-10T17:27:52+00:00\",\"dateModified\":\"2021-11-29T12:14:35+00:00\",\"description\":\"charpente\",\"breadcrumb\":{\"@id\":\"https:\/\/batibois38.com\/index.php\/charpente-couverture\/#breadcrumb\"},\"inLanguage\":\"fr-FR\",\"potentialAction\":[{\"@type\":\"ReadAction\",\"target\":[\"https:\/\/batibois38.com\/index.php\/charpente-couverture\/\"]}]},{\"@type\":\"BreadcrumbList\",\"@id\":\"https:\/\/batibois38.com\/index.php\/charpente-couverture\/#breadcrumb\",\"itemListElement\":[{\"@type\":\"ListItem\",\"position\":1,\"name\":\"Accueil\",\"item\":\"https:\/\/batibois38.com\/\"},{\"@type\":\"ListItem\",\"position\":2,\"name\":\"Charpente &#8211; Couverture\"}]}]}<\/script>\n<!-- \/ Yoast SEO plugin. -->","yoast_head_json":{"title":"Charpente, ossature-bois, isolation dans le trieves en isere artisant batibois","description":"charpente","robots":{"index":"index","follow":"follow","max-snippet":"max-snippet:-1","max-image-preview":"max-image-preview:large","max-video-preview":"max-video-preview:-1"},"canonical":"https:\/\/batibois38.com\/index.php\/charpente-couverture\/","og_locale":"fr_FR","og_type":"article","og_title":"Charpente, ossature-bois, isolation dans le trieves en isere artisant batibois","og_description":"charpente","og_url":"https:\/\/batibois38.com\/index.php\/charpente-couverture\/","og_site_name":"Batibois Charpente et Trieves","article_modified_time":"2021-11-29T12:14:35+00:00","og_image":[{"url":"https:\/\/batibois38.com\/wp-content\/uploads\/2017\/05\/20150914_163752-300x225.jpg"}],"twitter_card":"summary","twitter_misc":{"Dur\u00e9e de lecture estim\u00e9e":"2 minutes"},"schema":{"@context":"https:\/\/schema.org","@graph":[{"@type":"Organization","@id":"https:\/\/batibois38.com\/#organization","name":"BATIBOIS","url":"https:\/\/batibois38.com\/","sameAs":[],"logo":{"@type":"ImageObject","@id":"https:\/\/batibois38.com\/#logo","inLanguage":"fr-FR","url":"http:\/\/batibois38.com\/wp-content\/uploads\/2017\/05\/cropped-logo-BATIBOIS-jpeg.jpg","contentUrl":"http:\/\/batibois38.com\/wp-content\/uploads\/2017\/05\/cropped-logo-BATIBOIS-jpeg.jpg","width":366,"height":250,"caption":"BATIBOIS"},"image":{"@id":"https:\/\/batibois38.com\/#logo"}},{"@type":"WebSite","@id":"https:\/\/batibois38.com\/#website","url":"https:\/\/batibois38.com\/","name":"Batibois Charpente et Trieves","description":"CHARPENTE    R\u00c9NOVATION    OSSATURE BOIS    EN  TRIEVES","publisher":{"@id":"https:\/\/batibois38.com\/#organization"},"potentialAction":[{"@type":"SearchAction","target":{"@type":"EntryPoint","urlTemplate":"https:\/\/batibois38.com\/?s={search_term_string}"},"query-input":"required name=search_term_string"}],"inLanguage":"fr-FR"},{"@type":"ImageObject","@id":"https:\/\/batibois38.com\/index.php\/charpente-couverture\/#primaryimage","inLanguage":"fr-FR","url":"https:\/\/batibois38.com\/wp-content\/uploads\/2017\/05\/20150914_163752.jpg","contentUrl":"https:\/\/batibois38.com\/wp-content\/uploads\/2017\/05\/20150914_163752.jpg","width":2560,"height":1920},{"@type":"WebPage","@id":"https:\/\/batibois38.com\/index.php\/charpente-couverture\/#webpage","url":"https:\/\/batibois38.com\/index.php\/charpente-couverture\/","name":"Charpente, ossature-bois, isolation dans le trieves en isere artisant batibois","isPartOf":{"@id":"https:\/\/batibois38.com\/#website"},"primaryImageOfPage":{"@id":"https:\/\/batibois38.com\/index.php\/charpente-couverture\/#primaryimage"},"datePublished":"2017-05-10T17:27:52+00:00","dateModified":"2021-11-29T12:14:35+00:00","description":"charpente","breadcrumb":{"@id":"https:\/\/batibois38.com\/index.php\/charpente-couverture\/#breadcrumb"},"inLanguage":"fr-FR","potentialAction":[{"@type":"ReadAction","target":["https:\/\/batibois38.com\/index.php\/charpente-couverture\/"]}]},{"@type":"BreadcrumbList","@id":"https:\/\/batibois38.com\/index.php\/charpente-couverture\/#breadcrumb","itemListElement":[{"@type":"ListItem","position":1,"name":"Accueil","item":"https:\/\/batibois38.com\/"},{"@type":"ListItem","position":2,"name":"Charpente &#8211; Couverture"}]}]}},"_links":{"self":[{"href":"https:\/\/batibois38.com\/index.php\/wp-json\/wp\/v2\/pages\/94"}],"collection":[{"href":"https:\/\/batibois38.com\/index.php\/wp-json\/wp\/v2\/pages"}],"about":[{"href":"https:\/\/batibois38.com\/index.php\/wp-json\/wp\/v2\/types\/page"}],"author":[{"embeddable":true,"href":"https:\/\/batibois38.com\/index.php\/wp-json\/wp\/v2\/users\/1"}],"replies":[{"embeddable":true,"href":"https:\/\/batibois38.com\/index.php\/wp-json\/wp\/v2\/comments?post=94"}],"version-history":[{"count":10,"href":"https:\/\/batibois38.com\/index.php\/wp-json\/wp\/v2\/pages\/94\/revisions"}],"predecessor-version":[{"id":235,"href":"https:\/\/batibois38.com\/index.php\/wp-json\/wp\/v2\/pages\/94\/revisions\/235"}],"wp:attachment":[{"href":"https:\/\/batibois38.com\/index.php\/wp-json\/wp\/v2\/media?parent=94"}],"curies":[{"name":"wp","href":"https:\/\/api.w.org\/{rel}","templated":true}]}}