{"id":95,"date":"2017-05-10T19:27:52","date_gmt":"2017-05-10T17:27:52","guid":{"rendered":"http:\/\/batibois38.com\/?page_id=95"},"modified":"2017-05-10T21:23:43","modified_gmt":"2017-05-10T19:23:43","slug":"isolation","status":"publish","type":"page","link":"https:\/\/batibois38.com\/index.php\/isolation\/","title":{"rendered":"Isolation"},"content":{"rendered":"<p><span style=\"font-family: Calibri, sans-serif; color: #3366ff;\"><b>R\u00e9alisations<\/b><\/span><\/p>\n<ul>\n<li>\n<p align=\"JUSTIFY\"><span style=\"font-family: Calibri, sans-serif; color: #3366ff;\">isolation int\u00e9rieur (neuf et r\u00e9novation)<\/span><\/p>\n<\/li>\n<\/ul>\n<ul>\n<li>\n<p align=\"JUSTIFY\"><span style=\"font-family: Calibri, sans-serif; color: #3366ff;\">isolation des toitures par l&rsquo;ext\u00e9rieur type sarking (ITE)<\/span><\/p>\n<\/li>\n<\/ul>\n<ul>\n<li>\n<p align=\"JUSTIFY\"><span style=\"font-family: Calibri, sans-serif; color: #3366ff;\">\u00e9tanch\u00e9it\u00e9 \u00e0 l&rsquo;air<\/span><\/p>\n<\/li>\n<\/ul>\n<p align=\"JUSTIFY\"><span style=\"font-family: Calibri, sans-serif; color: #3366ff;\"><b>Mat\u00e9riaux<\/b><\/span><\/p>\n<p align=\"JUSTIFY\"><span style=\"font-family: Calibri, sans-serif; color: #3366ff;\">\u00c9tude de l&rsquo;isolation la plus adapt\u00e9 au projet<\/span><\/p>\n<ul>\n<li>\n<p align=\"JUSTIFY\"><span style=\"font-family: Calibri, sans-serif; color: #3366ff;\">fibre de bois, bois chanvre<\/span><\/p>\n<\/li>\n<\/ul>\n<ul>\n<li>\n<p align=\"JUSTIFY\"><span style=\"font-family: Calibri, sans-serif; color: #3366ff;\">paille (m\u00e9thodes poteaux-poutres et GREB)<\/span><\/p>\n<\/li>\n<\/ul>\n<ul>\n<li>\n<p align=\"JUSTIFY\"><span style=\"font-family: Calibri, sans-serif; color: #3366ff;\">ouate de cellulose<\/span><\/p>\n<\/li>\n<\/ul>\n<ul>\n<li>\n<p align=\"JUSTIFY\"><span style=\"font-family: Calibri, sans-serif; color: #3366ff;\">M\u00e9tisse<\/span><\/p>\n<\/li>\n<li>\n<p align=\"JUSTIFY\"><span style=\"font-family: Calibri, sans-serif; color: #3366ff;\">li\u00e8ge&#8230;<\/span><\/p>\n<\/li>\n<\/ul>\n","protected":false},"excerpt":{"rendered":"<p>R\u00e9alisations isolation int\u00e9rieur (neuf et r\u00e9novation) isolation des toitures par l&rsquo;ext\u00e9rieur type [&hellip;]<\/p>\n","protected":false},"author":1,"featured_media":0,"parent":0,"menu_order":0,"comment_status":"closed","ping_status":"closed","template":"","meta":[],"yoast_head":"<!-- This site is optimized with the Yoast SEO plugin v17.6 - https:\/\/yoast.com\/wordpress\/plugins\/seo\/ -->\n<title>Isolation - Batibois Charpente et Trieves<\/title>\n<meta name=\"robots\" content=\"index, follow, max-snippet:-1, max-image-preview:large, max-video-preview:-1\" \/>\n<link rel=\"canonical\" href=\"https:\/\/batibois38.com\/index.php\/isolation\/\" \/>\n<meta property=\"og:locale\" content=\"fr_FR\" \/>\n<meta property=\"og:type\" content=\"article\" \/>\n<meta property=\"og:title\" content=\"Isolation - Batibois Charpente et Trieves\" \/>\n<meta property=\"og:description\" content=\"R\u00e9alisations isolation int\u00e9rieur (neuf et r\u00e9novation) isolation des toitures par l&rsquo;ext\u00e9rieur type [&hellip;]\" \/>\n<meta property=\"og:url\" content=\"https:\/\/batibois38.com\/index.php\/isolation\/\" \/>\n<meta property=\"og:site_name\" content=\"Batibois Charpente et Trieves\" \/>\n<meta property=\"article:modified_time\" content=\"2017-05-10T19:23:43+00:00\" \/>\n<meta name=\"twitter:card\" content=\"summary\" \/>\n<script type=\"application\/ld+json\" class=\"yoast-schema-graph\">{\"@context\":\"https:\/\/schema.org\",\"@graph\":[{\"@type\":\"Organization\",\"@id\":\"https:\/\/batibois38.com\/#organization\",\"name\":\"BATIBOIS\",\"url\":\"https:\/\/batibois38.com\/\",\"sameAs\":[],\"logo\":{\"@type\":\"ImageObject\",\"@id\":\"https:\/\/batibois38.com\/#logo\",\"inLanguage\":\"fr-FR\",\"url\":\"http:\/\/batibois38.com\/wp-content\/uploads\/2017\/05\/cropped-logo-BATIBOIS-jpeg.jpg\",\"contentUrl\":\"http:\/\/batibois38.com\/wp-content\/uploads\/2017\/05\/cropped-logo-BATIBOIS-jpeg.jpg\",\"width\":366,\"height\":250,\"caption\":\"BATIBOIS\"},\"image\":{\"@id\":\"https:\/\/batibois38.com\/#logo\"}},{\"@type\":\"WebSite\",\"@id\":\"https:\/\/batibois38.com\/#website\",\"url\":\"https:\/\/batibois38.com\/\",\"name\":\"Batibois Charpente et Trieves\",\"description\":\"CHARPENTE    R\\u00c9NOVATION    OSSATURE BOIS    EN  TRIEVES\",\"publisher\":{\"@id\":\"https:\/\/batibois38.com\/#organization\"},\"potentialAction\":[{\"@type\":\"SearchAction\",\"target\":{\"@type\":\"EntryPoint\",\"urlTemplate\":\"https:\/\/batibois38.com\/?s={search_term_string}\"},\"query-input\":\"required name=search_term_string\"}],\"inLanguage\":\"fr-FR\"},{\"@type\":\"WebPage\",\"@id\":\"https:\/\/batibois38.com\/index.php\/isolation\/#webpage\",\"url\":\"https:\/\/batibois38.com\/index.php\/isolation\/\",\"name\":\"Isolation - Batibois Charpente et Trieves\",\"isPartOf\":{\"@id\":\"https:\/\/batibois38.com\/#website\"},\"datePublished\":\"2017-05-10T17:27:52+00:00\",\"dateModified\":\"2017-05-10T19:23:43+00:00\",\"breadcrumb\":{\"@id\":\"https:\/\/batibois38.com\/index.php\/isolation\/#breadcrumb\"},\"inLanguage\":\"fr-FR\",\"potentialAction\":[{\"@type\":\"ReadAction\",\"target\":[\"https:\/\/batibois38.com\/index.php\/isolation\/\"]}]},{\"@type\":\"BreadcrumbList\",\"@id\":\"https:\/\/batibois38.com\/index.php\/isolation\/#breadcrumb\",\"itemListElement\":[{\"@type\":\"ListItem\",\"position\":1,\"name\":\"Accueil\",\"item\":\"https:\/\/batibois38.com\/\"},{\"@type\":\"ListItem\",\"position\":2,\"name\":\"Isolation\"}]}]}<\/script>\n<!-- \/ Yoast SEO plugin. -->","yoast_head_json":{"title":"Isolation - Batibois Charpente et Trieves","robots":{"index":"index","follow":"follow","max-snippet":"max-snippet:-1","max-image-preview":"max-image-preview:large","max-video-preview":"max-video-preview:-1"},"canonical":"https:\/\/batibois38.com\/index.php\/isolation\/","og_locale":"fr_FR","og_type":"article","og_title":"Isolation - Batibois Charpente et Trieves","og_description":"R\u00e9alisations isolation int\u00e9rieur (neuf et r\u00e9novation) isolation des toitures par l&rsquo;ext\u00e9rieur type [&hellip;]","og_url":"https:\/\/batibois38.com\/index.php\/isolation\/","og_site_name":"Batibois Charpente et Trieves","article_modified_time":"2017-05-10T19:23:43+00:00","twitter_card":"summary","schema":{"@context":"https:\/\/schema.org","@graph":[{"@type":"Organization","@id":"https:\/\/batibois38.com\/#organization","name":"BATIBOIS","url":"https:\/\/batibois38.com\/","sameAs":[],"logo":{"@type":"ImageObject","@id":"https:\/\/batibois38.com\/#logo","inLanguage":"fr-FR","url":"http:\/\/batibois38.com\/wp-content\/uploads\/2017\/05\/cropped-logo-BATIBOIS-jpeg.jpg","contentUrl":"http:\/\/batibois38.com\/wp-content\/uploads\/2017\/05\/cropped-logo-BATIBOIS-jpeg.jpg","width":366,"height":250,"caption":"BATIBOIS"},"image":{"@id":"https:\/\/batibois38.com\/#logo"}},{"@type":"WebSite","@id":"https:\/\/batibois38.com\/#website","url":"https:\/\/batibois38.com\/","name":"Batibois Charpente et Trieves","description":"CHARPENTE    R\u00c9NOVATION    OSSATURE BOIS    EN  TRIEVES","publisher":{"@id":"https:\/\/batibois38.com\/#organization"},"potentialAction":[{"@type":"SearchAction","target":{"@type":"EntryPoint","urlTemplate":"https:\/\/batibois38.com\/?s={search_term_string}"},"query-input":"required name=search_term_string"}],"inLanguage":"fr-FR"},{"@type":"WebPage","@id":"https:\/\/batibois38.com\/index.php\/isolation\/#webpage","url":"https:\/\/batibois38.com\/index.php\/isolation\/","name":"Isolation - Batibois Charpente et Trieves","isPartOf":{"@id":"https:\/\/batibois38.com\/#website"},"datePublished":"2017-05-10T17:27:52+00:00","dateModified":"2017-05-10T19:23:43+00:00","breadcrumb":{"@id":"https:\/\/batibois38.com\/index.php\/isolation\/#breadcrumb"},"inLanguage":"fr-FR","potentialAction":[{"@type":"ReadAction","target":["https:\/\/batibois38.com\/index.php\/isolation\/"]}]},{"@type":"BreadcrumbList","@id":"https:\/\/batibois38.com\/index.php\/isolation\/#breadcrumb","itemListElement":[{"@type":"ListItem","position":1,"name":"Accueil","item":"https:\/\/batibois38.com\/"},{"@type":"ListItem","position":2,"name":"Isolation"}]}]}},"_links":{"self":[{"href":"https:\/\/batibois38.com\/index.php\/wp-json\/wp\/v2\/pages\/95"}],"collection":[{"href":"https:\/\/batibois38.com\/index.php\/wp-json\/wp\/v2\/pages"}],"about":[{"href":"https:\/\/batibois38.com\/index.php\/wp-json\/wp\/v2\/types\/page"}],"author":[{"embeddable":true,"href":"https:\/\/batibois38.com\/index.php\/wp-json\/wp\/v2\/users\/1"}],"replies":[{"embeddable":true,"href":"https:\/\/batibois38.com\/index.php\/wp-json\/wp\/v2\/comments?post=95"}],"version-history":[{"count":2,"href":"https:\/\/batibois38.com\/index.php\/wp-json\/wp\/v2\/pages\/95\/revisions"}],"predecessor-version":[{"id":166,"href":"https:\/\/batibois38.com\/index.php\/wp-json\/wp\/v2\/pages\/95\/revisions\/166"}],"wp:attachment":[{"href":"https:\/\/batibois38.com\/index.php\/wp-json\/wp\/v2\/media?parent=95"}],"curies":[{"name":"wp","href":"https:\/\/api.w.org\/{rel}","templated":true}]}}