{"id":96,"date":"2017-05-10T19:27:52","date_gmt":"2017-05-10T17:27:52","guid":{"rendered":"http:\/\/batibois38.com\/?page_id=96"},"modified":"2017-05-10T21:41:31","modified_gmt":"2017-05-10T19:41:31","slug":"pose-dhuisseries","status":"publish","type":"page","link":"https:\/\/batibois38.com\/index.php\/pose-dhuisseries\/","title":{"rendered":"Pose d&rsquo;huisseries"},"content":{"rendered":"<p><span style=\"font-family: Calibri, sans-serif; color: #3366ff;\"><b>R\u00e9alisations<\/b><\/span><\/p>\n<ul>\n<li>\n<p align=\"JUSTIFY\"><span style=\"font-family: Calibri, sans-serif; color: #3366ff;\">neuf et r\u00e9novation<\/span><\/p>\n<\/li>\n<\/ul>\n<ul>\n<li>\n<p align=\"JUSTIFY\"><span style=\"font-family: Calibri, sans-serif; color: #3366ff;\">fen\u00eatres de toit (Velux)<\/span><\/p>\n<\/li>\n<\/ul>\n<p align=\"JUSTIFY\"><span style=\"font-family: Calibri, sans-serif; color: #3366ff;\"><b>Mat\u00e9riaux<\/b><\/span><\/p>\n<ul>\n<li>\n<p align=\"JUSTIFY\"><span style=\"font-family: Calibri, sans-serif; color: #3366ff;\">fen\u00eatres r\u00e9pondant aux normes actuelles<\/span><\/p>\n<\/li>\n<li>\n<p align=\"JUSTIFY\"><span style=\"font-family: Calibri, sans-serif; color: #3366ff;\">fabrication fran\u00e7aise<\/span><\/p>\n<\/li>\n<li>\n<p align=\"JUSTIFY\"><span style=\"font-family: Calibri, sans-serif; color: #3366ff;\">bois, bois-alu, tout alu<\/span><\/p>\n<\/li>\n<\/ul>\n","protected":false},"excerpt":{"rendered":"<p>R\u00e9alisations neuf et r\u00e9novation fen\u00eatres de toit (Velux) Mat\u00e9riaux fen\u00eatres r\u00e9pondant aux [&hellip;]<\/p>\n","protected":false},"author":1,"featured_media":0,"parent":0,"menu_order":0,"comment_status":"closed","ping_status":"closed","template":"","meta":[],"yoast_head":"<!-- This site is optimized with the Yoast SEO plugin v17.6 - https:\/\/yoast.com\/wordpress\/plugins\/seo\/ -->\n<title>Pose d&#039;huisseries - Batibois Charpente et Trieves<\/title>\n<meta name=\"robots\" content=\"index, follow, max-snippet:-1, max-image-preview:large, max-video-preview:-1\" \/>\n<link rel=\"canonical\" href=\"https:\/\/batibois38.com\/index.php\/pose-dhuisseries\/\" \/>\n<meta property=\"og:locale\" content=\"fr_FR\" \/>\n<meta property=\"og:type\" content=\"article\" \/>\n<meta property=\"og:title\" content=\"Pose d&#039;huisseries - Batibois Charpente et Trieves\" \/>\n<meta property=\"og:description\" content=\"R\u00e9alisations neuf et r\u00e9novation fen\u00eatres de toit (Velux) Mat\u00e9riaux fen\u00eatres r\u00e9pondant aux [&hellip;]\" \/>\n<meta property=\"og:url\" content=\"https:\/\/batibois38.com\/index.php\/pose-dhuisseries\/\" \/>\n<meta property=\"og:site_name\" content=\"Batibois Charpente et Trieves\" \/>\n<meta property=\"article:modified_time\" content=\"2017-05-10T19:41:31+00:00\" \/>\n<meta name=\"twitter:card\" content=\"summary\" \/>\n<script type=\"application\/ld+json\" class=\"yoast-schema-graph\">{\"@context\":\"https:\/\/schema.org\",\"@graph\":[{\"@type\":\"Organization\",\"@id\":\"https:\/\/batibois38.com\/#organization\",\"name\":\"BATIBOIS\",\"url\":\"https:\/\/batibois38.com\/\",\"sameAs\":[],\"logo\":{\"@type\":\"ImageObject\",\"@id\":\"https:\/\/batibois38.com\/#logo\",\"inLanguage\":\"fr-FR\",\"url\":\"http:\/\/batibois38.com\/wp-content\/uploads\/2017\/05\/cropped-logo-BATIBOIS-jpeg.jpg\",\"contentUrl\":\"http:\/\/batibois38.com\/wp-content\/uploads\/2017\/05\/cropped-logo-BATIBOIS-jpeg.jpg\",\"width\":366,\"height\":250,\"caption\":\"BATIBOIS\"},\"image\":{\"@id\":\"https:\/\/batibois38.com\/#logo\"}},{\"@type\":\"WebSite\",\"@id\":\"https:\/\/batibois38.com\/#website\",\"url\":\"https:\/\/batibois38.com\/\",\"name\":\"Batibois Charpente et Trieves\",\"description\":\"CHARPENTE    R\\u00c9NOVATION    OSSATURE BOIS    EN  TRIEVES\",\"publisher\":{\"@id\":\"https:\/\/batibois38.com\/#organization\"},\"potentialAction\":[{\"@type\":\"SearchAction\",\"target\":{\"@type\":\"EntryPoint\",\"urlTemplate\":\"https:\/\/batibois38.com\/?s={search_term_string}\"},\"query-input\":\"required name=search_term_string\"}],\"inLanguage\":\"fr-FR\"},{\"@type\":\"WebPage\",\"@id\":\"https:\/\/batibois38.com\/index.php\/pose-dhuisseries\/#webpage\",\"url\":\"https:\/\/batibois38.com\/index.php\/pose-dhuisseries\/\",\"name\":\"Pose d'huisseries - Batibois Charpente et Trieves\",\"isPartOf\":{\"@id\":\"https:\/\/batibois38.com\/#website\"},\"datePublished\":\"2017-05-10T17:27:52+00:00\",\"dateModified\":\"2017-05-10T19:41:31+00:00\",\"breadcrumb\":{\"@id\":\"https:\/\/batibois38.com\/index.php\/pose-dhuisseries\/#breadcrumb\"},\"inLanguage\":\"fr-FR\",\"potentialAction\":[{\"@type\":\"ReadAction\",\"target\":[\"https:\/\/batibois38.com\/index.php\/pose-dhuisseries\/\"]}]},{\"@type\":\"BreadcrumbList\",\"@id\":\"https:\/\/batibois38.com\/index.php\/pose-dhuisseries\/#breadcrumb\",\"itemListElement\":[{\"@type\":\"ListItem\",\"position\":1,\"name\":\"Accueil\",\"item\":\"https:\/\/batibois38.com\/\"},{\"@type\":\"ListItem\",\"position\":2,\"name\":\"Pose d&rsquo;huisseries\"}]}]}<\/script>\n<!-- \/ Yoast SEO plugin. -->","yoast_head_json":{"title":"Pose d'huisseries - Batibois Charpente et Trieves","robots":{"index":"index","follow":"follow","max-snippet":"max-snippet:-1","max-image-preview":"max-image-preview:large","max-video-preview":"max-video-preview:-1"},"canonical":"https:\/\/batibois38.com\/index.php\/pose-dhuisseries\/","og_locale":"fr_FR","og_type":"article","og_title":"Pose d'huisseries - Batibois Charpente et Trieves","og_description":"R\u00e9alisations neuf et r\u00e9novation fen\u00eatres de toit (Velux) Mat\u00e9riaux fen\u00eatres r\u00e9pondant aux [&hellip;]","og_url":"https:\/\/batibois38.com\/index.php\/pose-dhuisseries\/","og_site_name":"Batibois Charpente et Trieves","article_modified_time":"2017-05-10T19:41:31+00:00","twitter_card":"summary","schema":{"@context":"https:\/\/schema.org","@graph":[{"@type":"Organization","@id":"https:\/\/batibois38.com\/#organization","name":"BATIBOIS","url":"https:\/\/batibois38.com\/","sameAs":[],"logo":{"@type":"ImageObject","@id":"https:\/\/batibois38.com\/#logo","inLanguage":"fr-FR","url":"http:\/\/batibois38.com\/wp-content\/uploads\/2017\/05\/cropped-logo-BATIBOIS-jpeg.jpg","contentUrl":"http:\/\/batibois38.com\/wp-content\/uploads\/2017\/05\/cropped-logo-BATIBOIS-jpeg.jpg","width":366,"height":250,"caption":"BATIBOIS"},"image":{"@id":"https:\/\/batibois38.com\/#logo"}},{"@type":"WebSite","@id":"https:\/\/batibois38.com\/#website","url":"https:\/\/batibois38.com\/","name":"Batibois Charpente et Trieves","description":"CHARPENTE    R\u00c9NOVATION    OSSATURE BOIS    EN  TRIEVES","publisher":{"@id":"https:\/\/batibois38.com\/#organization"},"potentialAction":[{"@type":"SearchAction","target":{"@type":"EntryPoint","urlTemplate":"https:\/\/batibois38.com\/?s={search_term_string}"},"query-input":"required name=search_term_string"}],"inLanguage":"fr-FR"},{"@type":"WebPage","@id":"https:\/\/batibois38.com\/index.php\/pose-dhuisseries\/#webpage","url":"https:\/\/batibois38.com\/index.php\/pose-dhuisseries\/","name":"Pose d'huisseries - Batibois Charpente et Trieves","isPartOf":{"@id":"https:\/\/batibois38.com\/#website"},"datePublished":"2017-05-10T17:27:52+00:00","dateModified":"2017-05-10T19:41:31+00:00","breadcrumb":{"@id":"https:\/\/batibois38.com\/index.php\/pose-dhuisseries\/#breadcrumb"},"inLanguage":"fr-FR","potentialAction":[{"@type":"ReadAction","target":["https:\/\/batibois38.com\/index.php\/pose-dhuisseries\/"]}]},{"@type":"BreadcrumbList","@id":"https:\/\/batibois38.com\/index.php\/pose-dhuisseries\/#breadcrumb","itemListElement":[{"@type":"ListItem","position":1,"name":"Accueil","item":"https:\/\/batibois38.com\/"},{"@type":"ListItem","position":2,"name":"Pose d&rsquo;huisseries"}]}]}},"_links":{"self":[{"href":"https:\/\/batibois38.com\/index.php\/wp-json\/wp\/v2\/pages\/96"}],"collection":[{"href":"https:\/\/batibois38.com\/index.php\/wp-json\/wp\/v2\/pages"}],"about":[{"href":"https:\/\/batibois38.com\/index.php\/wp-json\/wp\/v2\/types\/page"}],"author":[{"embeddable":true,"href":"https:\/\/batibois38.com\/index.php\/wp-json\/wp\/v2\/users\/1"}],"replies":[{"embeddable":true,"href":"https:\/\/batibois38.com\/index.php\/wp-json\/wp\/v2\/comments?post=96"}],"version-history":[{"count":2,"href":"https:\/\/batibois38.com\/index.php\/wp-json\/wp\/v2\/pages\/96\/revisions"}],"predecessor-version":[{"id":167,"href":"https:\/\/batibois38.com\/index.php\/wp-json\/wp\/v2\/pages\/96\/revisions\/167"}],"wp:attachment":[{"href":"https:\/\/batibois38.com\/index.php\/wp-json\/wp\/v2\/media?parent=96"}],"curies":[{"name":"wp","href":"https:\/\/api.w.org\/{rel}","templated":true}]}}