{"id":97,"date":"2017-05-10T19:27:52","date_gmt":"2017-05-10T17:27:52","guid":{"rendered":"http:\/\/batibois38.com\/?page_id=97"},"modified":"2021-11-29T13:16:14","modified_gmt":"2021-11-29T12:16:14","slug":"terrasse-bardage","status":"publish","type":"page","link":"https:\/\/batibois38.com\/index.php\/terrasse-bardage\/","title":{"rendered":"Terrasses &#8211; Bardage"},"content":{"rendered":"<p><span style=\"font-family: Calibri, sans-serif; color: #3366ff;\"><b><img loading=\"lazy\" class=\"alignnone size-medium wp-image-50\" src=\"https:\/\/batibois38.com\/wp-content\/uploads\/2017\/05\/100_7194-300x225.jpg\" alt=\"\" width=\"300\" height=\"225\" srcset=\"https:\/\/batibois38.com\/wp-content\/uploads\/2017\/05\/100_7194-300x225.jpg 300w, https:\/\/batibois38.com\/wp-content\/uploads\/2017\/05\/100_7194-768x576.jpg 768w, https:\/\/batibois38.com\/wp-content\/uploads\/2017\/05\/100_7194-1024x768.jpg 1024w\" sizes=\"(max-width: 300px) 100vw, 300px\" \/>&nbsp; &nbsp; &nbsp;&nbsp;<img loading=\"lazy\" class=\"alignnone size-medium wp-image-53\" src=\"https:\/\/batibois38.com\/wp-content\/uploads\/2017\/05\/100_7531-300x225.jpg\" alt=\"\" width=\"300\" height=\"225\" srcset=\"https:\/\/batibois38.com\/wp-content\/uploads\/2017\/05\/100_7531-300x225.jpg 300w, https:\/\/batibois38.com\/wp-content\/uploads\/2017\/05\/100_7531-768x576.jpg 768w, https:\/\/batibois38.com\/wp-content\/uploads\/2017\/05\/100_7531-1024x768.jpg 1024w\" sizes=\"(max-width: 300px) 100vw, 300px\" \/><\/b><\/span><\/p>\n<p align=\"JUSTIFY\"><span style=\"font-family: Calibri, sans-serif; color: #3366ff;\"><b>R\u00e9alisations<\/b><\/span><\/p>\n<p align=\"JUSTIFY\"><span style=\"font-family: Calibri, sans-serif; color: #3366ff;\">Terrasses<\/span><\/p>\n<ul>\n<li>\n<p align=\"JUSTIFY\"><span style=\"font-family: Calibri, sans-serif; color: #3366ff;\">sur plots b\u00e9ton<\/span><\/p>\n<\/li>\n<\/ul>\n<ul>\n<li>\n<p align=\"JUSTIFY\"><span style=\"font-family: Calibri, sans-serif; color: #3366ff;\">sur pilotis<\/span><\/p>\n<\/li>\n<\/ul>\n<ul>\n<li>\n<p align=\"JUSTIFY\"><span style=\"font-family: Calibri, sans-serif; color: #3366ff;\">balcons suspendus<\/span><\/p>\n<\/li>\n<\/ul>\n<p align=\"JUSTIFY\"><span style=\"font-family: Calibri, sans-serif; color: #3366ff;\">Bardages<\/span><\/p>\n<ul>\n<li>\n<p align=\"JUSTIFY\"><span style=\"font-family: Calibri, sans-serif; color: #3366ff;\">contemporain \u00e0 claire-voie<\/span><\/p>\n<\/li>\n<\/ul>\n<ul>\n<li>\n<p align=\"JUSTIFY\"><span style=\"font-family: Calibri, sans-serif; color: #3366ff;\">type chalet<\/span><\/p>\n<\/li>\n<\/ul>\n<ul>\n<li>\n<p align=\"JUSTIFY\"><span style=\"font-family: Calibri, sans-serif; color: #3366ff;\">en finition d&rsquo;une isolation par l&rsquo;ext\u00e9rieur<\/span><\/p>\n<\/li>\n<\/ul>\n<ul>\n<li>\n<p align=\"JUSTIFY\"><span style=\"font-family: Calibri, sans-serif; color: #3366ff;\">en neuf et r\u00e9novation<\/span><\/p>\n<\/li>\n<\/ul>\n<p align=\"JUSTIFY\"><span style=\"font-family: Calibri, sans-serif; color: #3366ff;\"><b>Mat\u00e9riaux<\/b><\/span><\/p>\n<ul>\n<li>\n<p align=\"JUSTIFY\"><span style=\"font-family: Calibri, sans-serif; color: #3366ff;\">essences locales, type douglas ou m\u00e9l\u00e8ze<\/span><\/p>\n<\/li>\n<li>\n<p align=\"JUSTIFY\"><span style=\"font-family: Calibri, sans-serif; color: #3366ff;\">bois exotiques issus de for\u00eats contr\u00f4l\u00e9es<\/span><\/p>\n<\/li>\n<\/ul>\n<p align=\"JUSTIFY\"><img loading=\"lazy\" class=\"alignnone size-medium wp-image-51\" src=\"https:\/\/batibois38.com\/wp-content\/uploads\/2017\/05\/100_2767-300x225.jpg\" alt=\"\" width=\"300\" height=\"225\" srcset=\"https:\/\/batibois38.com\/wp-content\/uploads\/2017\/05\/100_2767-300x225.jpg 300w, https:\/\/batibois38.com\/wp-content\/uploads\/2017\/05\/100_2767-768x576.jpg 768w, https:\/\/batibois38.com\/wp-content\/uploads\/2017\/05\/100_2767-1024x768.jpg 1024w\" sizes=\"(max-width: 300px) 100vw, 300px\" \/>&nbsp; &nbsp; &nbsp;&nbsp;<img loading=\"lazy\" class=\"alignnone size-medium wp-image-27\" src=\"https:\/\/batibois38.com\/wp-content\/uploads\/2017\/05\/100_3218-300x225.jpg\" alt=\"\" width=\"300\" height=\"225\" srcset=\"https:\/\/batibois38.com\/wp-content\/uploads\/2017\/05\/100_3218-300x225.jpg 300w, https:\/\/batibois38.com\/wp-content\/uploads\/2017\/05\/100_3218-768x576.jpg 768w, https:\/\/batibois38.com\/wp-content\/uploads\/2017\/05\/100_3218-1024x768.jpg 1024w\" sizes=\"(max-width: 300px) 100vw, 300px\" \/><\/p>\n<p align=\"JUSTIFY\">\n","protected":false},"excerpt":{"rendered":"<p>&nbsp; &nbsp; &nbsp;&nbsp; R\u00e9alisations Terrasses sur plots b\u00e9ton sur pilotis balcons suspendus [&hellip;]<\/p>\n","protected":false},"author":1,"featured_media":0,"parent":0,"menu_order":0,"comment_status":"closed","ping_status":"closed","template":"","meta":[],"yoast_head":"<!-- This site is optimized with the Yoast SEO plugin v17.6 - https:\/\/yoast.com\/wordpress\/plugins\/seo\/ -->\n<title>Terrasses - Bardage - Batibois Charpente et Trieves<\/title>\n<meta name=\"robots\" content=\"index, follow, max-snippet:-1, max-image-preview:large, max-video-preview:-1\" \/>\n<link rel=\"canonical\" href=\"https:\/\/batibois38.com\/index.php\/terrasse-bardage\/\" \/>\n<meta property=\"og:locale\" content=\"fr_FR\" \/>\n<meta property=\"og:type\" content=\"article\" \/>\n<meta property=\"og:title\" content=\"Terrasses - Bardage - Batibois Charpente et Trieves\" \/>\n<meta property=\"og:description\" content=\"&nbsp; &nbsp; &nbsp;&nbsp; R\u00e9alisations Terrasses sur plots b\u00e9ton sur pilotis balcons suspendus [&hellip;]\" \/>\n<meta property=\"og:url\" content=\"https:\/\/batibois38.com\/index.php\/terrasse-bardage\/\" \/>\n<meta property=\"og:site_name\" content=\"Batibois Charpente et Trieves\" \/>\n<meta property=\"article:modified_time\" content=\"2021-11-29T12:16:14+00:00\" \/>\n<meta property=\"og:image\" content=\"https:\/\/batibois38.com\/wp-content\/uploads\/2017\/05\/100_7194-300x225.jpg\" \/>\n<meta name=\"twitter:card\" content=\"summary\" \/>\n<meta name=\"twitter:label1\" content=\"Dur\u00e9e de lecture estim\u00e9e\" \/>\n\t<meta name=\"twitter:data1\" content=\"1 minute\" \/>\n<script type=\"application\/ld+json\" class=\"yoast-schema-graph\">{\"@context\":\"https:\/\/schema.org\",\"@graph\":[{\"@type\":\"Organization\",\"@id\":\"https:\/\/batibois38.com\/#organization\",\"name\":\"BATIBOIS\",\"url\":\"https:\/\/batibois38.com\/\",\"sameAs\":[],\"logo\":{\"@type\":\"ImageObject\",\"@id\":\"https:\/\/batibois38.com\/#logo\",\"inLanguage\":\"fr-FR\",\"url\":\"http:\/\/batibois38.com\/wp-content\/uploads\/2017\/05\/cropped-logo-BATIBOIS-jpeg.jpg\",\"contentUrl\":\"http:\/\/batibois38.com\/wp-content\/uploads\/2017\/05\/cropped-logo-BATIBOIS-jpeg.jpg\",\"width\":366,\"height\":250,\"caption\":\"BATIBOIS\"},\"image\":{\"@id\":\"https:\/\/batibois38.com\/#logo\"}},{\"@type\":\"WebSite\",\"@id\":\"https:\/\/batibois38.com\/#website\",\"url\":\"https:\/\/batibois38.com\/\",\"name\":\"Batibois Charpente et Trieves\",\"description\":\"CHARPENTE    R\\u00c9NOVATION    OSSATURE BOIS    EN  TRIEVES\",\"publisher\":{\"@id\":\"https:\/\/batibois38.com\/#organization\"},\"potentialAction\":[{\"@type\":\"SearchAction\",\"target\":{\"@type\":\"EntryPoint\",\"urlTemplate\":\"https:\/\/batibois38.com\/?s={search_term_string}\"},\"query-input\":\"required name=search_term_string\"}],\"inLanguage\":\"fr-FR\"},{\"@type\":\"ImageObject\",\"@id\":\"https:\/\/batibois38.com\/index.php\/terrasse-bardage\/#primaryimage\",\"inLanguage\":\"fr-FR\",\"url\":\"https:\/\/batibois38.com\/wp-content\/uploads\/2017\/05\/100_7194.jpg\",\"contentUrl\":\"https:\/\/batibois38.com\/wp-content\/uploads\/2017\/05\/100_7194.jpg\",\"width\":3664,\"height\":2748},{\"@type\":\"WebPage\",\"@id\":\"https:\/\/batibois38.com\/index.php\/terrasse-bardage\/#webpage\",\"url\":\"https:\/\/batibois38.com\/index.php\/terrasse-bardage\/\",\"name\":\"Terrasses - Bardage - Batibois Charpente et Trieves\",\"isPartOf\":{\"@id\":\"https:\/\/batibois38.com\/#website\"},\"primaryImageOfPage\":{\"@id\":\"https:\/\/batibois38.com\/index.php\/terrasse-bardage\/#primaryimage\"},\"datePublished\":\"2017-05-10T17:27:52+00:00\",\"dateModified\":\"2021-11-29T12:16:14+00:00\",\"breadcrumb\":{\"@id\":\"https:\/\/batibois38.com\/index.php\/terrasse-bardage\/#breadcrumb\"},\"inLanguage\":\"fr-FR\",\"potentialAction\":[{\"@type\":\"ReadAction\",\"target\":[\"https:\/\/batibois38.com\/index.php\/terrasse-bardage\/\"]}]},{\"@type\":\"BreadcrumbList\",\"@id\":\"https:\/\/batibois38.com\/index.php\/terrasse-bardage\/#breadcrumb\",\"itemListElement\":[{\"@type\":\"ListItem\",\"position\":1,\"name\":\"Accueil\",\"item\":\"https:\/\/batibois38.com\/\"},{\"@type\":\"ListItem\",\"position\":2,\"name\":\"Terrasses &#8211; Bardage\"}]}]}<\/script>\n<!-- \/ Yoast SEO plugin. -->","yoast_head_json":{"title":"Terrasses - Bardage - Batibois Charpente et Trieves","robots":{"index":"index","follow":"follow","max-snippet":"max-snippet:-1","max-image-preview":"max-image-preview:large","max-video-preview":"max-video-preview:-1"},"canonical":"https:\/\/batibois38.com\/index.php\/terrasse-bardage\/","og_locale":"fr_FR","og_type":"article","og_title":"Terrasses - Bardage - Batibois Charpente et Trieves","og_description":"&nbsp; &nbsp; &nbsp;&nbsp; R\u00e9alisations Terrasses sur plots b\u00e9ton sur pilotis balcons suspendus [&hellip;]","og_url":"https:\/\/batibois38.com\/index.php\/terrasse-bardage\/","og_site_name":"Batibois Charpente et Trieves","article_modified_time":"2021-11-29T12:16:14+00:00","og_image":[{"url":"https:\/\/batibois38.com\/wp-content\/uploads\/2017\/05\/100_7194-300x225.jpg"}],"twitter_card":"summary","twitter_misc":{"Dur\u00e9e de lecture estim\u00e9e":"1 minute"},"schema":{"@context":"https:\/\/schema.org","@graph":[{"@type":"Organization","@id":"https:\/\/batibois38.com\/#organization","name":"BATIBOIS","url":"https:\/\/batibois38.com\/","sameAs":[],"logo":{"@type":"ImageObject","@id":"https:\/\/batibois38.com\/#logo","inLanguage":"fr-FR","url":"http:\/\/batibois38.com\/wp-content\/uploads\/2017\/05\/cropped-logo-BATIBOIS-jpeg.jpg","contentUrl":"http:\/\/batibois38.com\/wp-content\/uploads\/2017\/05\/cropped-logo-BATIBOIS-jpeg.jpg","width":366,"height":250,"caption":"BATIBOIS"},"image":{"@id":"https:\/\/batibois38.com\/#logo"}},{"@type":"WebSite","@id":"https:\/\/batibois38.com\/#website","url":"https:\/\/batibois38.com\/","name":"Batibois Charpente et Trieves","description":"CHARPENTE    R\u00c9NOVATION    OSSATURE BOIS    EN  TRIEVES","publisher":{"@id":"https:\/\/batibois38.com\/#organization"},"potentialAction":[{"@type":"SearchAction","target":{"@type":"EntryPoint","urlTemplate":"https:\/\/batibois38.com\/?s={search_term_string}"},"query-input":"required name=search_term_string"}],"inLanguage":"fr-FR"},{"@type":"ImageObject","@id":"https:\/\/batibois38.com\/index.php\/terrasse-bardage\/#primaryimage","inLanguage":"fr-FR","url":"https:\/\/batibois38.com\/wp-content\/uploads\/2017\/05\/100_7194.jpg","contentUrl":"https:\/\/batibois38.com\/wp-content\/uploads\/2017\/05\/100_7194.jpg","width":3664,"height":2748},{"@type":"WebPage","@id":"https:\/\/batibois38.com\/index.php\/terrasse-bardage\/#webpage","url":"https:\/\/batibois38.com\/index.php\/terrasse-bardage\/","name":"Terrasses - Bardage - Batibois Charpente et Trieves","isPartOf":{"@id":"https:\/\/batibois38.com\/#website"},"primaryImageOfPage":{"@id":"https:\/\/batibois38.com\/index.php\/terrasse-bardage\/#primaryimage"},"datePublished":"2017-05-10T17:27:52+00:00","dateModified":"2021-11-29T12:16:14+00:00","breadcrumb":{"@id":"https:\/\/batibois38.com\/index.php\/terrasse-bardage\/#breadcrumb"},"inLanguage":"fr-FR","potentialAction":[{"@type":"ReadAction","target":["https:\/\/batibois38.com\/index.php\/terrasse-bardage\/"]}]},{"@type":"BreadcrumbList","@id":"https:\/\/batibois38.com\/index.php\/terrasse-bardage\/#breadcrumb","itemListElement":[{"@type":"ListItem","position":1,"name":"Accueil","item":"https:\/\/batibois38.com\/"},{"@type":"ListItem","position":2,"name":"Terrasses &#8211; Bardage"}]}]}},"_links":{"self":[{"href":"https:\/\/batibois38.com\/index.php\/wp-json\/wp\/v2\/pages\/97"}],"collection":[{"href":"https:\/\/batibois38.com\/index.php\/wp-json\/wp\/v2\/pages"}],"about":[{"href":"https:\/\/batibois38.com\/index.php\/wp-json\/wp\/v2\/types\/page"}],"author":[{"embeddable":true,"href":"https:\/\/batibois38.com\/index.php\/wp-json\/wp\/v2\/users\/1"}],"replies":[{"embeddable":true,"href":"https:\/\/batibois38.com\/index.php\/wp-json\/wp\/v2\/comments?post=97"}],"version-history":[{"count":5,"href":"https:\/\/batibois38.com\/index.php\/wp-json\/wp\/v2\/pages\/97\/revisions"}],"predecessor-version":[{"id":237,"href":"https:\/\/batibois38.com\/index.php\/wp-json\/wp\/v2\/pages\/97\/revisions\/237"}],"wp:attachment":[{"href":"https:\/\/batibois38.com\/index.php\/wp-json\/wp\/v2\/media?parent=97"}],"curies":[{"name":"wp","href":"https:\/\/api.w.org\/{rel}","templated":true}]}}