{"id":98,"date":"2017-05-10T19:27:52","date_gmt":"2017-05-10T17:27:52","guid":{"rendered":"http:\/\/batibois38.com\/?page_id=98"},"modified":"2021-11-29T13:16:52","modified_gmt":"2021-11-29T12:16:52","slug":"yourtes","status":"publish","type":"page","link":"https:\/\/batibois38.com\/index.php\/yourtes\/","title":{"rendered":"Yourtes"},"content":{"rendered":"<p><img loading=\"lazy\" class=\"alignnone size-medium wp-image-207\" src=\"https:\/\/batibois38.com\/wp-content\/uploads\/2017\/05\/P1120952-300x225.jpg\" alt=\"\" width=\"300\" height=\"225\" srcset=\"https:\/\/batibois38.com\/wp-content\/uploads\/2017\/05\/P1120952-300x225.jpg 300w, https:\/\/batibois38.com\/wp-content\/uploads\/2017\/05\/P1120952-768x576.jpg 768w, https:\/\/batibois38.com\/wp-content\/uploads\/2017\/05\/P1120952-1024x768.jpg 1024w, https:\/\/batibois38.com\/wp-content\/uploads\/2017\/05\/P1120952-830x623.jpg 830w, https:\/\/batibois38.com\/wp-content\/uploads\/2017\/05\/P1120952-230x173.jpg 230w, https:\/\/batibois38.com\/wp-content\/uploads\/2017\/05\/P1120952-350x263.jpg 350w, https:\/\/batibois38.com\/wp-content\/uploads\/2017\/05\/P1120952-480x360.jpg 480w\" sizes=\"(max-width: 300px) 100vw, 300px\" \/>&nbsp; &nbsp; &nbsp;&nbsp;<img loading=\"lazy\" class=\"alignnone size-medium wp-image-196\" src=\"https:\/\/batibois38.com\/wp-content\/uploads\/2017\/05\/dome-300x225.jpg\" alt=\"\" width=\"300\" height=\"225\" srcset=\"https:\/\/batibois38.com\/wp-content\/uploads\/2017\/05\/dome-300x225.jpg 300w, https:\/\/batibois38.com\/wp-content\/uploads\/2017\/05\/dome-230x173.jpg 230w, https:\/\/batibois38.com\/wp-content\/uploads\/2017\/05\/dome-350x263.jpg 350w, https:\/\/batibois38.com\/wp-content\/uploads\/2017\/05\/dome-480x360.jpg 480w, https:\/\/batibois38.com\/wp-content\/uploads\/2017\/05\/dome.jpg 640w\" sizes=\"(max-width: 300px) 100vw, 300px\" \/><\/p>\n<p>&nbsp;<\/p>\n<ul>\n<li>\n<p align=\"JUSTIFY\"><span style=\"color: #3366ff;\"><span style=\"font-family: Calibri, sans-serif;\"><span style=\"font-size: medium;\">structure H\u00e9liyourte<\/span><\/span><\/span><\/p>\n<\/li>\n<li>\n<p align=\"JUSTIFY\"><span style=\"color: #3366ff;\"><span style=\"font-family: Calibri, sans-serif;\"><span style=\"font-size: medium;\">murs en \u00ab&nbsp;dur&nbsp;\u00bb (ossature bois caissonn\u00e9e et isol\u00e9e), aspect bardage bois en ext\u00e9rieur<\/span><\/span><\/span><\/p>\n<\/li>\n<li>\n<p align=\"JUSTIFY\"><span style=\"color: #3366ff;\"><span style=\"font-family: Calibri, sans-serif;\"><span style=\"font-size: medium;\">possibilit\u00e9 de poser de nombreuses et larges ouvertures<\/span><\/span><\/span><\/p>\n<\/li>\n<li>\n<p align=\"JUSTIFY\"><span style=\"color: #3366ff;\"><span style=\"font-family: Calibri, sans-serif;\"><span style=\"font-size: medium;\">isolation performante (laine de mouton en toiture, bois-chanvre dans les murs, li\u00e8ge dans le sol)<\/span><\/span><\/span><\/p>\n<\/li>\n<\/ul>\n<p>&nbsp;<\/p>\n<p><img loading=\"lazy\" class=\"alignnone size-medium wp-image-220\" src=\"https:\/\/batibois38.com\/wp-content\/uploads\/2017\/05\/P1030166-300x225.jpg\" alt=\"\" width=\"300\" height=\"225\" srcset=\"https:\/\/batibois38.com\/wp-content\/uploads\/2017\/05\/P1030166-300x225.jpg 300w, https:\/\/batibois38.com\/wp-content\/uploads\/2017\/05\/P1030166-768x576.jpg 768w, https:\/\/batibois38.com\/wp-content\/uploads\/2017\/05\/P1030166-1024x768.jpg 1024w, https:\/\/batibois38.com\/wp-content\/uploads\/2017\/05\/P1030166-830x623.jpg 830w, https:\/\/batibois38.com\/wp-content\/uploads\/2017\/05\/P1030166-230x173.jpg 230w, https:\/\/batibois38.com\/wp-content\/uploads\/2017\/05\/P1030166-350x263.jpg 350w, https:\/\/batibois38.com\/wp-content\/uploads\/2017\/05\/P1030166-480x360.jpg 480w\" sizes=\"(max-width: 300px) 100vw, 300px\" \/>&nbsp; &nbsp; &nbsp;&nbsp;<img loading=\"lazy\" class=\"alignnone size-medium wp-image-221\" src=\"https:\/\/batibois38.com\/wp-content\/uploads\/2017\/05\/P1030189-1-300x225.jpg\" alt=\"\" width=\"300\" height=\"225\" srcset=\"https:\/\/batibois38.com\/wp-content\/uploads\/2017\/05\/P1030189-1-300x225.jpg 300w, https:\/\/batibois38.com\/wp-content\/uploads\/2017\/05\/P1030189-1-768x576.jpg 768w, https:\/\/batibois38.com\/wp-content\/uploads\/2017\/05\/P1030189-1-1024x768.jpg 1024w, https:\/\/batibois38.com\/wp-content\/uploads\/2017\/05\/P1030189-1-830x623.jpg 830w, https:\/\/batibois38.com\/wp-content\/uploads\/2017\/05\/P1030189-1-230x173.jpg 230w, https:\/\/batibois38.com\/wp-content\/uploads\/2017\/05\/P1030189-1-350x263.jpg 350w, https:\/\/batibois38.com\/wp-content\/uploads\/2017\/05\/P1030189-1-480x360.jpg 480w\" sizes=\"(max-width: 300px) 100vw, 300px\" \/><\/p>\n","protected":false},"excerpt":{"rendered":"<p>&nbsp; &nbsp; &nbsp;&nbsp; &nbsp; structure H\u00e9liyourte murs en \u00ab&nbsp;dur&nbsp;\u00bb (ossature bois caissonn\u00e9e [&hellip;]<\/p>\n","protected":false},"author":1,"featured_media":0,"parent":0,"menu_order":0,"comment_status":"closed","ping_status":"closed","template":"","meta":[],"yoast_head":"<!-- This site is optimized with the Yoast SEO plugin v17.6 - https:\/\/yoast.com\/wordpress\/plugins\/seo\/ -->\n<title>Yourtes - Batibois Charpente et Trieves<\/title>\n<meta name=\"robots\" content=\"index, follow, max-snippet:-1, max-image-preview:large, max-video-preview:-1\" \/>\n<link rel=\"canonical\" href=\"https:\/\/batibois38.com\/index.php\/yourtes\/\" \/>\n<meta property=\"og:locale\" content=\"fr_FR\" \/>\n<meta property=\"og:type\" content=\"article\" \/>\n<meta property=\"og:title\" content=\"Yourtes - Batibois Charpente et Trieves\" \/>\n<meta property=\"og:description\" content=\"&nbsp; &nbsp; &nbsp;&nbsp; &nbsp; structure H\u00e9liyourte murs en \u00ab&nbsp;dur&nbsp;\u00bb (ossature bois caissonn\u00e9e [&hellip;]\" \/>\n<meta property=\"og:url\" content=\"https:\/\/batibois38.com\/index.php\/yourtes\/\" \/>\n<meta property=\"og:site_name\" content=\"Batibois Charpente et Trieves\" \/>\n<meta property=\"article:modified_time\" content=\"2021-11-29T12:16:52+00:00\" \/>\n<meta property=\"og:image\" content=\"https:\/\/batibois38.com\/wp-content\/uploads\/2017\/05\/P1120952-300x225.jpg\" \/>\n<meta name=\"twitter:card\" content=\"summary\" \/>\n<meta name=\"twitter:label1\" content=\"Dur\u00e9e de lecture estim\u00e9e\" \/>\n\t<meta name=\"twitter:data1\" content=\"2 minutes\" \/>\n<script type=\"application\/ld+json\" class=\"yoast-schema-graph\">{\"@context\":\"https:\/\/schema.org\",\"@graph\":[{\"@type\":\"Organization\",\"@id\":\"https:\/\/batibois38.com\/#organization\",\"name\":\"BATIBOIS\",\"url\":\"https:\/\/batibois38.com\/\",\"sameAs\":[],\"logo\":{\"@type\":\"ImageObject\",\"@id\":\"https:\/\/batibois38.com\/#logo\",\"inLanguage\":\"fr-FR\",\"url\":\"http:\/\/batibois38.com\/wp-content\/uploads\/2017\/05\/cropped-logo-BATIBOIS-jpeg.jpg\",\"contentUrl\":\"http:\/\/batibois38.com\/wp-content\/uploads\/2017\/05\/cropped-logo-BATIBOIS-jpeg.jpg\",\"width\":366,\"height\":250,\"caption\":\"BATIBOIS\"},\"image\":{\"@id\":\"https:\/\/batibois38.com\/#logo\"}},{\"@type\":\"WebSite\",\"@id\":\"https:\/\/batibois38.com\/#website\",\"url\":\"https:\/\/batibois38.com\/\",\"name\":\"Batibois Charpente et Trieves\",\"description\":\"CHARPENTE    R\\u00c9NOVATION    OSSATURE BOIS    EN  TRIEVES\",\"publisher\":{\"@id\":\"https:\/\/batibois38.com\/#organization\"},\"potentialAction\":[{\"@type\":\"SearchAction\",\"target\":{\"@type\":\"EntryPoint\",\"urlTemplate\":\"https:\/\/batibois38.com\/?s={search_term_string}\"},\"query-input\":\"required name=search_term_string\"}],\"inLanguage\":\"fr-FR\"},{\"@type\":\"ImageObject\",\"@id\":\"https:\/\/batibois38.com\/index.php\/yourtes\/#primaryimage\",\"inLanguage\":\"fr-FR\",\"url\":\"https:\/\/batibois38.com\/wp-content\/uploads\/2017\/05\/P1120952.jpg\",\"contentUrl\":\"https:\/\/batibois38.com\/wp-content\/uploads\/2017\/05\/P1120952.jpg\",\"width\":4000,\"height\":3000},{\"@type\":\"WebPage\",\"@id\":\"https:\/\/batibois38.com\/index.php\/yourtes\/#webpage\",\"url\":\"https:\/\/batibois38.com\/index.php\/yourtes\/\",\"name\":\"Yourtes - Batibois Charpente et Trieves\",\"isPartOf\":{\"@id\":\"https:\/\/batibois38.com\/#website\"},\"primaryImageOfPage\":{\"@id\":\"https:\/\/batibois38.com\/index.php\/yourtes\/#primaryimage\"},\"datePublished\":\"2017-05-10T17:27:52+00:00\",\"dateModified\":\"2021-11-29T12:16:52+00:00\",\"breadcrumb\":{\"@id\":\"https:\/\/batibois38.com\/index.php\/yourtes\/#breadcrumb\"},\"inLanguage\":\"fr-FR\",\"potentialAction\":[{\"@type\":\"ReadAction\",\"target\":[\"https:\/\/batibois38.com\/index.php\/yourtes\/\"]}]},{\"@type\":\"BreadcrumbList\",\"@id\":\"https:\/\/batibois38.com\/index.php\/yourtes\/#breadcrumb\",\"itemListElement\":[{\"@type\":\"ListItem\",\"position\":1,\"name\":\"Accueil\",\"item\":\"https:\/\/batibois38.com\/\"},{\"@type\":\"ListItem\",\"position\":2,\"name\":\"Yourtes\"}]}]}<\/script>\n<!-- \/ Yoast SEO plugin. -->","yoast_head_json":{"title":"Yourtes - Batibois Charpente et Trieves","robots":{"index":"index","follow":"follow","max-snippet":"max-snippet:-1","max-image-preview":"max-image-preview:large","max-video-preview":"max-video-preview:-1"},"canonical":"https:\/\/batibois38.com\/index.php\/yourtes\/","og_locale":"fr_FR","og_type":"article","og_title":"Yourtes - Batibois Charpente et Trieves","og_description":"&nbsp; &nbsp; &nbsp;&nbsp; &nbsp; structure H\u00e9liyourte murs en \u00ab&nbsp;dur&nbsp;\u00bb (ossature bois caissonn\u00e9e [&hellip;]","og_url":"https:\/\/batibois38.com\/index.php\/yourtes\/","og_site_name":"Batibois Charpente et Trieves","article_modified_time":"2021-11-29T12:16:52+00:00","og_image":[{"url":"https:\/\/batibois38.com\/wp-content\/uploads\/2017\/05\/P1120952-300x225.jpg"}],"twitter_card":"summary","twitter_misc":{"Dur\u00e9e de lecture estim\u00e9e":"2 minutes"},"schema":{"@context":"https:\/\/schema.org","@graph":[{"@type":"Organization","@id":"https:\/\/batibois38.com\/#organization","name":"BATIBOIS","url":"https:\/\/batibois38.com\/","sameAs":[],"logo":{"@type":"ImageObject","@id":"https:\/\/batibois38.com\/#logo","inLanguage":"fr-FR","url":"http:\/\/batibois38.com\/wp-content\/uploads\/2017\/05\/cropped-logo-BATIBOIS-jpeg.jpg","contentUrl":"http:\/\/batibois38.com\/wp-content\/uploads\/2017\/05\/cropped-logo-BATIBOIS-jpeg.jpg","width":366,"height":250,"caption":"BATIBOIS"},"image":{"@id":"https:\/\/batibois38.com\/#logo"}},{"@type":"WebSite","@id":"https:\/\/batibois38.com\/#website","url":"https:\/\/batibois38.com\/","name":"Batibois Charpente et Trieves","description":"CHARPENTE    R\u00c9NOVATION    OSSATURE BOIS    EN  TRIEVES","publisher":{"@id":"https:\/\/batibois38.com\/#organization"},"potentialAction":[{"@type":"SearchAction","target":{"@type":"EntryPoint","urlTemplate":"https:\/\/batibois38.com\/?s={search_term_string}"},"query-input":"required name=search_term_string"}],"inLanguage":"fr-FR"},{"@type":"ImageObject","@id":"https:\/\/batibois38.com\/index.php\/yourtes\/#primaryimage","inLanguage":"fr-FR","url":"https:\/\/batibois38.com\/wp-content\/uploads\/2017\/05\/P1120952.jpg","contentUrl":"https:\/\/batibois38.com\/wp-content\/uploads\/2017\/05\/P1120952.jpg","width":4000,"height":3000},{"@type":"WebPage","@id":"https:\/\/batibois38.com\/index.php\/yourtes\/#webpage","url":"https:\/\/batibois38.com\/index.php\/yourtes\/","name":"Yourtes - Batibois Charpente et Trieves","isPartOf":{"@id":"https:\/\/batibois38.com\/#website"},"primaryImageOfPage":{"@id":"https:\/\/batibois38.com\/index.php\/yourtes\/#primaryimage"},"datePublished":"2017-05-10T17:27:52+00:00","dateModified":"2021-11-29T12:16:52+00:00","breadcrumb":{"@id":"https:\/\/batibois38.com\/index.php\/yourtes\/#breadcrumb"},"inLanguage":"fr-FR","potentialAction":[{"@type":"ReadAction","target":["https:\/\/batibois38.com\/index.php\/yourtes\/"]}]},{"@type":"BreadcrumbList","@id":"https:\/\/batibois38.com\/index.php\/yourtes\/#breadcrumb","itemListElement":[{"@type":"ListItem","position":1,"name":"Accueil","item":"https:\/\/batibois38.com\/"},{"@type":"ListItem","position":2,"name":"Yourtes"}]}]}},"_links":{"self":[{"href":"https:\/\/batibois38.com\/index.php\/wp-json\/wp\/v2\/pages\/98"}],"collection":[{"href":"https:\/\/batibois38.com\/index.php\/wp-json\/wp\/v2\/pages"}],"about":[{"href":"https:\/\/batibois38.com\/index.php\/wp-json\/wp\/v2\/types\/page"}],"author":[{"embeddable":true,"href":"https:\/\/batibois38.com\/index.php\/wp-json\/wp\/v2\/users\/1"}],"replies":[{"embeddable":true,"href":"https:\/\/batibois38.com\/index.php\/wp-json\/wp\/v2\/comments?post=98"}],"version-history":[{"count":6,"href":"https:\/\/batibois38.com\/index.php\/wp-json\/wp\/v2\/pages\/98\/revisions"}],"predecessor-version":[{"id":238,"href":"https:\/\/batibois38.com\/index.php\/wp-json\/wp\/v2\/pages\/98\/revisions\/238"}],"wp:attachment":[{"href":"https:\/\/batibois38.com\/index.php\/wp-json\/wp\/v2\/media?parent=98"}],"curies":[{"name":"wp","href":"https:\/\/api.w.org\/{rel}","templated":true}]}}